{"id":14880,"date":"2016-01-26T16:18:56","date_gmt":"2016-01-26T15:18:56","guid":{"rendered":"http:\/\/ausolen.fr\/fr\/?page_id=14880"},"modified":"2024-03-26T10:29:23","modified_gmt":"2024-03-26T09:29:23","slug":"parcoursqui-sommes-nous","status":"publish","type":"page","link":"https:\/\/ausolen.fr\/fr\/parcoursqui-sommes-nous\/","title":{"rendered":"Parcours \/ qui sommes-nous ?"},"content":{"rendered":"<div class=\"wpb-content-wrapper\"><p>[vc_row][vc_column][vc_column_text]Un syst\u00e8me photovolta\u00efque est un investissement \u00e0 long terme, du fait de sa dur\u00e9e de vie. Sa fonction premi\u00e8re est de fournir de l&rsquo;\u00e9nergie avec le meilleur rendement de production possible. Il n&rsquo;y a donc pas de place \u00e0 l&rsquo;approximation, c&rsquo;est pourquoi nous avons suivi toutes les nouvelles formations sp\u00e9cifiques :<\/p>\n<p>Formation au photovolta\u00efque avec l&rsquo;INES Education <strong>(Institut national de l&rsquo;\u00e9nergie solaire)<\/strong>.<\/p>\n<p>Formation pratique au photovolta\u00efque avec <strong>Les compagnons du solaire<\/strong>.<\/p>\n<p>Nous suivons r\u00e9guli\u00e8rement les s\u00e9minaires de formation de nos partenaires : Fronius, Solaredge, K2 systems, Novotegra&#8230;[\/vc_column_text][vc_empty_space height=\u00a0\u00bb40px\u00a0\u00bb][vc_row_inner][vc_column_inner width=\u00a0\u00bb1\/2&Prime;][vc_column_text]<img loading=\"lazy\" decoding=\"async\" class=\"aligncenter wp-image-14881 size-full\" src=\"https:\/\/ausolen.fr\/fr\/wp-content\/uploads\/2016\/01\/ines.jpg\" alt=\"ines\" width=\"330\" height=\"248\" srcset=\"https:\/\/ausolen.fr\/fr\/wp-content\/uploads\/2016\/01\/ines.jpg 330w, https:\/\/ausolen.fr\/fr\/wp-content\/uploads\/2016\/01\/ines-300x225.jpg 300w\" sizes=\"auto, (max-width: 330px) 100vw, 330px\" \/>[\/vc_column_text][vc_empty_space height=\u00a0\u00bb10px\u00a0\u00bb][\/vc_column_inner][vc_column_inner width=\u00a0\u00bb1\/2&Prime;][vc_column_text]<\/p>\n<p style=\"text-align: center;\"><img loading=\"lazy\" decoding=\"async\" class=\"alignnone wp-image-14882 size-full\" src=\"https:\/\/ausolen.fr\/fr\/wp-content\/uploads\/2016\/01\/panneaux_solaires.jpg\" alt=\"panneaux_solaires\" width=\"330\" height=\"248\" srcset=\"https:\/\/ausolen.fr\/fr\/wp-content\/uploads\/2016\/01\/panneaux_solaires.jpg 330w, https:\/\/ausolen.fr\/fr\/wp-content\/uploads\/2016\/01\/panneaux_solaires-300x225.jpg 300w\" sizes=\"auto, (max-width: 330px) 100vw, 330px\" \/>.<\/p>\n<p>[\/vc_column_text][vc_empty_space height=\u00a0\u00bb10px\u00a0\u00bb][\/vc_column_inner][\/vc_row_inner][\/vc_column][\/vc_row]<\/p>\n<\/div>","protected":false},"excerpt":{"rendered":"<p>[vc_row][vc_column][vc_column_text]Un syst\u00e8me photovolta\u00efque est un investissement \u00e0 long terme, du fait de sa dur\u00e9e de vie. Sa fonction premi\u00e8re est de fournir de l&rsquo;\u00e9nergie avec le meilleur rendement de production possible. Il n&rsquo;y a donc pas de place \u00e0 l&rsquo;approximation, c&rsquo;est pourquoi nous avons suivi toutes les nouvelles formations sp\u00e9cifiques : Formation au photovolta\u00efque avec&hellip;<\/p>\n","protected":false},"author":1,"featured_media":0,"parent":0,"menu_order":0,"comment_status":"closed","ping_status":"closed","template":"","meta":{"footnotes":""},"class_list":["post-14880","page","type-page","status-publish","hentry","description-off"],"yoast_head":"<!-- This site is optimized with the Yoast SEO plugin v24.3 - https:\/\/yoast.com\/wordpress\/plugins\/seo\/ -->\n<title>Parcours \/ qui sommes-nous ? - Ausolen<\/title>\n<meta name=\"robots\" content=\"index, follow, max-snippet:-1, max-image-preview:large, max-video-preview:-1\" \/>\n<link rel=\"canonical\" href=\"https:\/\/ausolen.fr\/fr\/parcoursqui-sommes-nous\/\" \/>\n<meta property=\"og:locale\" content=\"fr_FR\" \/>\n<meta property=\"og:type\" content=\"article\" \/>\n<meta property=\"og:title\" content=\"Parcours \/ qui sommes-nous ? - Ausolen\" \/>\n<meta property=\"og:description\" content=\"[vc_row][vc_column][vc_column_text]Un syst\u00e8me photovolta\u00efque est un investissement \u00e0 long terme, du fait de sa dur\u00e9e de vie. Sa fonction premi\u00e8re est de fournir de l&rsquo;\u00e9nergie avec le meilleur rendement de production possible. Il n&rsquo;y a donc pas de place \u00e0 l&rsquo;approximation, c&rsquo;est pourquoi nous avons suivi toutes les nouvelles formations sp\u00e9cifiques : Formation au photovolta\u00efque avec&hellip;\" \/>\n<meta property=\"og:url\" content=\"https:\/\/ausolen.fr\/fr\/parcoursqui-sommes-nous\/\" \/>\n<meta property=\"og:site_name\" content=\"Ausolen\" \/>\n<meta property=\"article:modified_time\" content=\"2024-03-26T09:29:23+00:00\" \/>\n<meta property=\"og:image\" content=\"http:\/\/ausolen.fr\/fr\/wp-content\/uploads\/2016\/01\/ines.jpg\" \/>\n<meta name=\"twitter:card\" content=\"summary_large_image\" \/>\n<meta name=\"twitter:label1\" content=\"Dur\u00e9e de lecture estim\u00e9e\" \/>\n\t<meta name=\"twitter:data1\" content=\"1 minute\" \/>\n<script type=\"application\/ld+json\" class=\"yoast-schema-graph\">{\"@context\":\"https:\/\/schema.org\",\"@graph\":[{\"@type\":\"WebPage\",\"@id\":\"https:\/\/ausolen.fr\/fr\/parcoursqui-sommes-nous\/\",\"url\":\"https:\/\/ausolen.fr\/fr\/parcoursqui-sommes-nous\/\",\"name\":\"Parcours \/ qui sommes-nous ? - Ausolen\",\"isPartOf\":{\"@id\":\"https:\/\/ausolen.fr\/fr\/#website\"},\"primaryImageOfPage\":{\"@id\":\"https:\/\/ausolen.fr\/fr\/parcoursqui-sommes-nous\/#primaryimage\"},\"image\":{\"@id\":\"https:\/\/ausolen.fr\/fr\/parcoursqui-sommes-nous\/#primaryimage\"},\"thumbnailUrl\":\"http:\/\/ausolen.fr\/fr\/wp-content\/uploads\/2016\/01\/ines.jpg\",\"datePublished\":\"2016-01-26T15:18:56+00:00\",\"dateModified\":\"2024-03-26T09:29:23+00:00\",\"breadcrumb\":{\"@id\":\"https:\/\/ausolen.fr\/fr\/parcoursqui-sommes-nous\/#breadcrumb\"},\"inLanguage\":\"fr-FR\",\"potentialAction\":[{\"@type\":\"ReadAction\",\"target\":[\"https:\/\/ausolen.fr\/fr\/parcoursqui-sommes-nous\/\"]}]},{\"@type\":\"ImageObject\",\"inLanguage\":\"fr-FR\",\"@id\":\"https:\/\/ausolen.fr\/fr\/parcoursqui-sommes-nous\/#primaryimage\",\"url\":\"http:\/\/ausolen.fr\/fr\/wp-content\/uploads\/2016\/01\/ines.jpg\",\"contentUrl\":\"http:\/\/ausolen.fr\/fr\/wp-content\/uploads\/2016\/01\/ines.jpg\"},{\"@type\":\"BreadcrumbList\",\"@id\":\"https:\/\/ausolen.fr\/fr\/parcoursqui-sommes-nous\/#breadcrumb\",\"itemListElement\":[{\"@type\":\"ListItem\",\"position\":1,\"name\":\"Accueil\",\"item\":\"https:\/\/ausolen.fr\/fr\/\"},{\"@type\":\"ListItem\",\"position\":2,\"name\":\"Parcours \/ qui sommes-nous ?\"}]},{\"@type\":\"WebSite\",\"@id\":\"https:\/\/ausolen.fr\/fr\/#website\",\"url\":\"https:\/\/ausolen.fr\/fr\/\",\"name\":\"Ausolen\",\"description\":\"Installateur de panneaux solaire photovolta\u00efques\",\"potentialAction\":[{\"@type\":\"SearchAction\",\"target\":{\"@type\":\"EntryPoint\",\"urlTemplate\":\"https:\/\/ausolen.fr\/fr\/?s={search_term_string}\"},\"query-input\":{\"@type\":\"PropertyValueSpecification\",\"valueRequired\":true,\"valueName\":\"search_term_string\"}}],\"inLanguage\":\"fr-FR\"}]}<\/script>\n<!-- \/ Yoast SEO plugin. -->","yoast_head_json":{"title":"Parcours \/ qui sommes-nous ? - Ausolen","robots":{"index":"index","follow":"follow","max-snippet":"max-snippet:-1","max-image-preview":"max-image-preview:large","max-video-preview":"max-video-preview:-1"},"canonical":"https:\/\/ausolen.fr\/fr\/parcoursqui-sommes-nous\/","og_locale":"fr_FR","og_type":"article","og_title":"Parcours \/ qui sommes-nous ? - Ausolen","og_description":"[vc_row][vc_column][vc_column_text]Un syst\u00e8me photovolta\u00efque est un investissement \u00e0 long terme, du fait de sa dur\u00e9e de vie. Sa fonction premi\u00e8re est de fournir de l&rsquo;\u00e9nergie avec le meilleur rendement de production possible. Il n&rsquo;y a donc pas de place \u00e0 l&rsquo;approximation, c&rsquo;est pourquoi nous avons suivi toutes les nouvelles formations sp\u00e9cifiques : Formation au photovolta\u00efque avec&hellip;","og_url":"https:\/\/ausolen.fr\/fr\/parcoursqui-sommes-nous\/","og_site_name":"Ausolen","article_modified_time":"2024-03-26T09:29:23+00:00","og_image":[{"url":"http:\/\/ausolen.fr\/fr\/wp-content\/uploads\/2016\/01\/ines.jpg","type":"","width":"","height":""}],"twitter_card":"summary_large_image","twitter_misc":{"Dur\u00e9e de lecture estim\u00e9e":"1 minute"},"schema":{"@context":"https:\/\/schema.org","@graph":[{"@type":"WebPage","@id":"https:\/\/ausolen.fr\/fr\/parcoursqui-sommes-nous\/","url":"https:\/\/ausolen.fr\/fr\/parcoursqui-sommes-nous\/","name":"Parcours \/ qui sommes-nous ? - Ausolen","isPartOf":{"@id":"https:\/\/ausolen.fr\/fr\/#website"},"primaryImageOfPage":{"@id":"https:\/\/ausolen.fr\/fr\/parcoursqui-sommes-nous\/#primaryimage"},"image":{"@id":"https:\/\/ausolen.fr\/fr\/parcoursqui-sommes-nous\/#primaryimage"},"thumbnailUrl":"http:\/\/ausolen.fr\/fr\/wp-content\/uploads\/2016\/01\/ines.jpg","datePublished":"2016-01-26T15:18:56+00:00","dateModified":"2024-03-26T09:29:23+00:00","breadcrumb":{"@id":"https:\/\/ausolen.fr\/fr\/parcoursqui-sommes-nous\/#breadcrumb"},"inLanguage":"fr-FR","potentialAction":[{"@type":"ReadAction","target":["https:\/\/ausolen.fr\/fr\/parcoursqui-sommes-nous\/"]}]},{"@type":"ImageObject","inLanguage":"fr-FR","@id":"https:\/\/ausolen.fr\/fr\/parcoursqui-sommes-nous\/#primaryimage","url":"http:\/\/ausolen.fr\/fr\/wp-content\/uploads\/2016\/01\/ines.jpg","contentUrl":"http:\/\/ausolen.fr\/fr\/wp-content\/uploads\/2016\/01\/ines.jpg"},{"@type":"BreadcrumbList","@id":"https:\/\/ausolen.fr\/fr\/parcoursqui-sommes-nous\/#breadcrumb","itemListElement":[{"@type":"ListItem","position":1,"name":"Accueil","item":"https:\/\/ausolen.fr\/fr\/"},{"@type":"ListItem","position":2,"name":"Parcours \/ qui sommes-nous ?"}]},{"@type":"WebSite","@id":"https:\/\/ausolen.fr\/fr\/#website","url":"https:\/\/ausolen.fr\/fr\/","name":"Ausolen","description":"Installateur de panneaux solaire photovolta\u00efques","potentialAction":[{"@type":"SearchAction","target":{"@type":"EntryPoint","urlTemplate":"https:\/\/ausolen.fr\/fr\/?s={search_term_string}"},"query-input":{"@type":"PropertyValueSpecification","valueRequired":true,"valueName":"search_term_string"}}],"inLanguage":"fr-FR"}]}},"_links":{"self":[{"href":"https:\/\/ausolen.fr\/fr\/wp-json\/wp\/v2\/pages\/14880","targetHints":{"allow":["GET"]}}],"collection":[{"href":"https:\/\/ausolen.fr\/fr\/wp-json\/wp\/v2\/pages"}],"about":[{"href":"https:\/\/ausolen.fr\/fr\/wp-json\/wp\/v2\/types\/page"}],"author":[{"embeddable":true,"href":"https:\/\/ausolen.fr\/fr\/wp-json\/wp\/v2\/users\/1"}],"replies":[{"embeddable":true,"href":"https:\/\/ausolen.fr\/fr\/wp-json\/wp\/v2\/comments?post=14880"}],"version-history":[{"count":7,"href":"https:\/\/ausolen.fr\/fr\/wp-json\/wp\/v2\/pages\/14880\/revisions"}],"predecessor-version":[{"id":15287,"href":"https:\/\/ausolen.fr\/fr\/wp-json\/wp\/v2\/pages\/14880\/revisions\/15287"}],"wp:attachment":[{"href":"https:\/\/ausolen.fr\/fr\/wp-json\/wp\/v2\/media?parent=14880"}],"curies":[{"name":"wp","href":"https:\/\/api.w.org\/{rel}","templated":true}]}}