{"id":14887,"date":"2016-01-26T16:27:55","date_gmt":"2016-01-26T15:27:55","guid":{"rendered":"http:\/\/ausolen.fr\/fr\/?page_id=14887"},"modified":"2016-01-26T16:31:11","modified_gmt":"2016-01-26T15:31:11","slug":"notre-philosophie","status":"publish","type":"page","link":"https:\/\/ausolen.fr\/fr\/notre-philosophie\/","title":{"rendered":"Notre philosophie"},"content":{"rendered":"<p>Notre philosophie est de pr\u00e9parer un avenir meilleur, plus respectueux de l&rsquo;environnement, pour les g\u00e9n\u00e9rations futures. Pour ce faire notre activit\u00e9 repose sur le formidable gisement que repr\u00e9sente l&rsquo;\u00e9nergie solaire, une \u00e9nergie douce et in\u00e9puisable. Notre plan\u00e8te, la terre m\u00e8re, m\u00e9rite toute notre attention. Le r\u00e9chauffement climatique montre la n\u00e9cessit\u00e9 de r\u00e9duire nos \u00e9missions de gaz \u00e0 effet de serre. La fin pr\u00e9visible des \u00e9nergies fossiles et son corollaire la hausse pr\u00e9visible du co\u00fbt de l&rsquo;\u00e9nergie, nous invitent tr\u00e8s clairement \u00e0 modifier notre rapport \u00e0 l&rsquo;\u00e9nergie (nous engageant vers la sobri\u00e9t\u00e9 et la mod\u00e9ration), mais \u00e9galement \u00e0 anticiper d\u00e8s aujourd&rsquo;hui sur la d\u00e9centralisation de la production \u00e9lectrique, pour qui souhaite pr\u00e9parer l&rsquo;autonomie \u00e9nerg\u00e9tique. Dans le respect de nos convictions, et des int\u00e9r\u00eats de chacun, nous mettons tout notre savoir faire et notre \u00e9nergie pour la r\u00e9alisation de vos projets d&rsquo;\u00e9lectricit\u00e9 d&rsquo;origine renouvelable.<\/p>\n<p>Les bonnes questions \u00e0 se poser sont celles de la d\u00e9marche Negawatt.<\/p>\n<p><img loading=\"lazy\" decoding=\"async\" class=\"size-medium wp-image-14888 aligncenter\" src=\"https:\/\/ausolen.fr\/fr\/wp-content\/uploads\/2016\/01\/negawatt-300x188.jpg\" alt=\"negawatt\" width=\"300\" height=\"188\" \/><\/p>\n","protected":false},"excerpt":{"rendered":"<p>Notre philosophie est de pr\u00e9parer un avenir meilleur, plus respectueux de l&rsquo;environnement, pour les g\u00e9n\u00e9rations futures. Pour ce faire notre activit\u00e9 repose sur le formidable gisement que repr\u00e9sente l&rsquo;\u00e9nergie solaire, une \u00e9nergie douce et in\u00e9puisable. Notre plan\u00e8te, la terre m\u00e8re, m\u00e9rite toute notre attention. Le r\u00e9chauffement climatique montre la n\u00e9cessit\u00e9 de r\u00e9duire nos \u00e9missions de&hellip;<\/p>\n","protected":false},"author":1,"featured_media":0,"parent":0,"menu_order":0,"comment_status":"closed","ping_status":"closed","template":"","meta":{"footnotes":""},"class_list":["post-14887","page","type-page","status-publish","hentry","description-off"],"yoast_head":"<!-- This site is optimized with the Yoast SEO plugin v24.3 - https:\/\/yoast.com\/wordpress\/plugins\/seo\/ -->\n<title>Notre philosophie - Ausolen<\/title>\n<meta name=\"robots\" content=\"index, follow, max-snippet:-1, max-image-preview:large, max-video-preview:-1\" \/>\n<link rel=\"canonical\" href=\"https:\/\/ausolen.fr\/fr\/notre-philosophie\/\" \/>\n<meta property=\"og:locale\" content=\"fr_FR\" \/>\n<meta property=\"og:type\" content=\"article\" \/>\n<meta property=\"og:title\" content=\"Notre philosophie - Ausolen\" \/>\n<meta property=\"og:description\" content=\"Notre philosophie est de pr\u00e9parer un avenir meilleur, plus respectueux de l&rsquo;environnement, pour les g\u00e9n\u00e9rations futures. Pour ce faire notre activit\u00e9 repose sur le formidable gisement que repr\u00e9sente l&rsquo;\u00e9nergie solaire, une \u00e9nergie douce et in\u00e9puisable. Notre plan\u00e8te, la terre m\u00e8re, m\u00e9rite toute notre attention. Le r\u00e9chauffement climatique montre la n\u00e9cessit\u00e9 de r\u00e9duire nos \u00e9missions de&hellip;\" \/>\n<meta property=\"og:url\" content=\"https:\/\/ausolen.fr\/fr\/notre-philosophie\/\" \/>\n<meta property=\"og:site_name\" content=\"Ausolen\" \/>\n<meta property=\"article:modified_time\" content=\"2016-01-26T15:31:11+00:00\" \/>\n<meta property=\"og:image\" content=\"http:\/\/ausolen.fr\/fr\/wp-content\/uploads\/2016\/01\/negawatt-300x188.jpg\" \/>\n<meta name=\"twitter:card\" content=\"summary_large_image\" \/>\n<meta name=\"twitter:label1\" content=\"Dur\u00e9e de lecture estim\u00e9e\" \/>\n\t<meta name=\"twitter:data1\" content=\"1 minute\" \/>\n<script type=\"application\/ld+json\" class=\"yoast-schema-graph\">{\"@context\":\"https:\/\/schema.org\",\"@graph\":[{\"@type\":\"WebPage\",\"@id\":\"https:\/\/ausolen.fr\/fr\/notre-philosophie\/\",\"url\":\"https:\/\/ausolen.fr\/fr\/notre-philosophie\/\",\"name\":\"Notre philosophie - Ausolen\",\"isPartOf\":{\"@id\":\"https:\/\/ausolen.fr\/fr\/#website\"},\"primaryImageOfPage\":{\"@id\":\"https:\/\/ausolen.fr\/fr\/notre-philosophie\/#primaryimage\"},\"image\":{\"@id\":\"https:\/\/ausolen.fr\/fr\/notre-philosophie\/#primaryimage\"},\"thumbnailUrl\":\"http:\/\/ausolen.fr\/fr\/wp-content\/uploads\/2016\/01\/negawatt-300x188.jpg\",\"datePublished\":\"2016-01-26T15:27:55+00:00\",\"dateModified\":\"2016-01-26T15:31:11+00:00\",\"breadcrumb\":{\"@id\":\"https:\/\/ausolen.fr\/fr\/notre-philosophie\/#breadcrumb\"},\"inLanguage\":\"fr-FR\",\"potentialAction\":[{\"@type\":\"ReadAction\",\"target\":[\"https:\/\/ausolen.fr\/fr\/notre-philosophie\/\"]}]},{\"@type\":\"ImageObject\",\"inLanguage\":\"fr-FR\",\"@id\":\"https:\/\/ausolen.fr\/fr\/notre-philosophie\/#primaryimage\",\"url\":\"http:\/\/ausolen.fr\/fr\/wp-content\/uploads\/2016\/01\/negawatt-300x188.jpg\",\"contentUrl\":\"http:\/\/ausolen.fr\/fr\/wp-content\/uploads\/2016\/01\/negawatt-300x188.jpg\"},{\"@type\":\"BreadcrumbList\",\"@id\":\"https:\/\/ausolen.fr\/fr\/notre-philosophie\/#breadcrumb\",\"itemListElement\":[{\"@type\":\"ListItem\",\"position\":1,\"name\":\"Accueil\",\"item\":\"https:\/\/ausolen.fr\/fr\/\"},{\"@type\":\"ListItem\",\"position\":2,\"name\":\"Notre philosophie\"}]},{\"@type\":\"WebSite\",\"@id\":\"https:\/\/ausolen.fr\/fr\/#website\",\"url\":\"https:\/\/ausolen.fr\/fr\/\",\"name\":\"Ausolen\",\"description\":\"Installateur de panneaux solaire photovolta\u00efques\",\"potentialAction\":[{\"@type\":\"SearchAction\",\"target\":{\"@type\":\"EntryPoint\",\"urlTemplate\":\"https:\/\/ausolen.fr\/fr\/?s={search_term_string}\"},\"query-input\":{\"@type\":\"PropertyValueSpecification\",\"valueRequired\":true,\"valueName\":\"search_term_string\"}}],\"inLanguage\":\"fr-FR\"}]}<\/script>\n<!-- \/ Yoast SEO plugin. -->","yoast_head_json":{"title":"Notre philosophie - Ausolen","robots":{"index":"index","follow":"follow","max-snippet":"max-snippet:-1","max-image-preview":"max-image-preview:large","max-video-preview":"max-video-preview:-1"},"canonical":"https:\/\/ausolen.fr\/fr\/notre-philosophie\/","og_locale":"fr_FR","og_type":"article","og_title":"Notre philosophie - Ausolen","og_description":"Notre philosophie est de pr\u00e9parer un avenir meilleur, plus respectueux de l&rsquo;environnement, pour les g\u00e9n\u00e9rations futures. Pour ce faire notre activit\u00e9 repose sur le formidable gisement que repr\u00e9sente l&rsquo;\u00e9nergie solaire, une \u00e9nergie douce et in\u00e9puisable. Notre plan\u00e8te, la terre m\u00e8re, m\u00e9rite toute notre attention. Le r\u00e9chauffement climatique montre la n\u00e9cessit\u00e9 de r\u00e9duire nos \u00e9missions de&hellip;","og_url":"https:\/\/ausolen.fr\/fr\/notre-philosophie\/","og_site_name":"Ausolen","article_modified_time":"2016-01-26T15:31:11+00:00","og_image":[{"url":"http:\/\/ausolen.fr\/fr\/wp-content\/uploads\/2016\/01\/negawatt-300x188.jpg","type":"","width":"","height":""}],"twitter_card":"summary_large_image","twitter_misc":{"Dur\u00e9e de lecture estim\u00e9e":"1 minute"},"schema":{"@context":"https:\/\/schema.org","@graph":[{"@type":"WebPage","@id":"https:\/\/ausolen.fr\/fr\/notre-philosophie\/","url":"https:\/\/ausolen.fr\/fr\/notre-philosophie\/","name":"Notre philosophie - Ausolen","isPartOf":{"@id":"https:\/\/ausolen.fr\/fr\/#website"},"primaryImageOfPage":{"@id":"https:\/\/ausolen.fr\/fr\/notre-philosophie\/#primaryimage"},"image":{"@id":"https:\/\/ausolen.fr\/fr\/notre-philosophie\/#primaryimage"},"thumbnailUrl":"http:\/\/ausolen.fr\/fr\/wp-content\/uploads\/2016\/01\/negawatt-300x188.jpg","datePublished":"2016-01-26T15:27:55+00:00","dateModified":"2016-01-26T15:31:11+00:00","breadcrumb":{"@id":"https:\/\/ausolen.fr\/fr\/notre-philosophie\/#breadcrumb"},"inLanguage":"fr-FR","potentialAction":[{"@type":"ReadAction","target":["https:\/\/ausolen.fr\/fr\/notre-philosophie\/"]}]},{"@type":"ImageObject","inLanguage":"fr-FR","@id":"https:\/\/ausolen.fr\/fr\/notre-philosophie\/#primaryimage","url":"http:\/\/ausolen.fr\/fr\/wp-content\/uploads\/2016\/01\/negawatt-300x188.jpg","contentUrl":"http:\/\/ausolen.fr\/fr\/wp-content\/uploads\/2016\/01\/negawatt-300x188.jpg"},{"@type":"BreadcrumbList","@id":"https:\/\/ausolen.fr\/fr\/notre-philosophie\/#breadcrumb","itemListElement":[{"@type":"ListItem","position":1,"name":"Accueil","item":"https:\/\/ausolen.fr\/fr\/"},{"@type":"ListItem","position":2,"name":"Notre philosophie"}]},{"@type":"WebSite","@id":"https:\/\/ausolen.fr\/fr\/#website","url":"https:\/\/ausolen.fr\/fr\/","name":"Ausolen","description":"Installateur de panneaux solaire photovolta\u00efques","potentialAction":[{"@type":"SearchAction","target":{"@type":"EntryPoint","urlTemplate":"https:\/\/ausolen.fr\/fr\/?s={search_term_string}"},"query-input":{"@type":"PropertyValueSpecification","valueRequired":true,"valueName":"search_term_string"}}],"inLanguage":"fr-FR"}]}},"_links":{"self":[{"href":"https:\/\/ausolen.fr\/fr\/wp-json\/wp\/v2\/pages\/14887","targetHints":{"allow":["GET"]}}],"collection":[{"href":"https:\/\/ausolen.fr\/fr\/wp-json\/wp\/v2\/pages"}],"about":[{"href":"https:\/\/ausolen.fr\/fr\/wp-json\/wp\/v2\/types\/page"}],"author":[{"embeddable":true,"href":"https:\/\/ausolen.fr\/fr\/wp-json\/wp\/v2\/users\/1"}],"replies":[{"embeddable":true,"href":"https:\/\/ausolen.fr\/fr\/wp-json\/wp\/v2\/comments?post=14887"}],"version-history":[{"count":1,"href":"https:\/\/ausolen.fr\/fr\/wp-json\/wp\/v2\/pages\/14887\/revisions"}],"predecessor-version":[{"id":14889,"href":"https:\/\/ausolen.fr\/fr\/wp-json\/wp\/v2\/pages\/14887\/revisions\/14889"}],"wp:attachment":[{"href":"https:\/\/ausolen.fr\/fr\/wp-json\/wp\/v2\/media?parent=14887"}],"curies":[{"name":"wp","href":"https:\/\/api.w.org\/{rel}","templated":true}]}}