{"id":14891,"date":"2016-01-26T16:40:14","date_gmt":"2016-01-26T15:40:14","guid":{"rendered":"http:\/\/ausolen.fr\/fr\/?page_id=14891"},"modified":"2016-01-26T16:58:37","modified_gmt":"2016-01-26T15:58:37","slug":"le-photovoltaique-pourquoi-faire-pourquoi-le-faire","status":"publish","type":"page","link":"https:\/\/ausolen.fr\/fr\/le-photovoltaique-pourquoi-faire-pourquoi-le-faire\/","title":{"rendered":"Le photovolta\u00efque. Pourquoi faire ? Pourquoi le faire ?"},"content":{"rendered":"<div class=\"wpb-content-wrapper\"><p>[vc_row][vc_column][vc_column_text]<\/p>\n<ul>\n<li>Le soleil fournit en \u00e9nergie, en permanence, 10000 fois la consommation de l&rsquo;humanit\u00e9. L&rsquo;existence des esp\u00e8ces, y compris la n\u00f4tre, n&rsquo;est due qu&rsquo;au flux quotidien d&rsquo;\u00e9nergie solaire et \u00e0 sa captation par les plantes.<\/li>\n<li>Le photovolta\u00efque constitue une \u00e9nergie fiable et durable.<\/li>\n<li>La production d&rsquo;\u00e9lectricit\u00e9 photovolta\u00efque n&rsquo;\u00e9met pas de gaz \u00e0 effet de serre.<\/li>\n<li>Faire une installation photovolta\u00efque permet de r\u00e9duire son empreinte \u00e9cologique.<\/li>\n<li>Le principe m\u00eame du photovolta\u00efque est que chacun puisse produire localement, pour consommer localement.<\/li>\n<li>Lorsque le photovolta\u00efque permet l&rsquo;\u00e9lectrification des zones rurales dans les pays du sud, cela favorise le d\u00e9veloppement humain.<\/li>\n<\/ul>\n<p>Alors, m\u00eame si vous injectez votre production sur le r\u00e9seau, parce que cette solution permet de palier au probl\u00e8me de stockage, vous contribuez dans tous les cas au d\u00e9veloppement des \u00e9nergies renouvelables et \u00e0 pr\u00e9parer l&rsquo;avenir.<\/p>\n<p><strong>Le photovolta\u00efque doit devenir un engagement fort en faveur de l&rsquo;environnement et des g\u00e9n\u00e9rations futures.<\/strong>[\/vc_column_text][vc_empty_space height=\u00a0\u00bb40px\u00a0\u00bb][vc_row_inner][vc_column_inner width=\u00a0\u00bb1\/2&Prime;][vc_column_text]<\/p>\n<p style=\"text-align: center;\"><img loading=\"lazy\" decoding=\"async\" class=\"alignnone size-medium wp-image-14892\" src=\"https:\/\/ausolen.fr\/fr\/wp-content\/uploads\/2016\/01\/ensoleillement_annuel-300x202.jpg\" alt=\"ensoleillement_annuel\" width=\"300\" height=\"202\" \/><\/p>\n<p style=\"text-align: center;\"><strong>L&rsquo;ensolleillement annuel en France <\/strong><strong><br \/>\nen kWh\/m<sup>2<\/sup> par an sur une surface horizontale<\/strong><\/p>\n<p>[\/vc_column_text][\/vc_column_inner][vc_column_inner width=\u00a0\u00bb1\/2&Prime;][vc_column_text]<\/p>\n<div align=\"center\"><img loading=\"lazy\" decoding=\"async\" class=\"alignnone size-medium wp-image-14897\" src=\"https:\/\/ausolen.fr\/fr\/wp-content\/uploads\/2016\/01\/irradiation_annuelle-300x202.jpg\" alt=\"irradiation_annuelle\" width=\"300\" height=\"202\" \/><\/div>\n<div align=\"center\"><strong>L&rsquo;irradiation annuelle relative<br \/>\nen fonction de l&rsquo;orientation et de l&rsquo;inclinaison des parois d&rsquo;un b\u00e2timent<\/strong><\/div>\n<p style=\"text-align: center;\"><strong>\u00a0<\/strong><\/p>\n<p>[\/vc_column_text][\/vc_column_inner][\/vc_row_inner][\/vc_column][\/vc_row]<\/p>\n<\/div>","protected":false},"excerpt":{"rendered":"<p>[vc_row][vc_column][vc_column_text] Le soleil fournit en \u00e9nergie, en permanence, 10000 fois la consommation de l&rsquo;humanit\u00e9. L&rsquo;existence des esp\u00e8ces, y compris la n\u00f4tre, n&rsquo;est due qu&rsquo;au flux quotidien d&rsquo;\u00e9nergie solaire et \u00e0 sa captation par les plantes. Le photovolta\u00efque constitue une \u00e9nergie fiable et durable. La production d&rsquo;\u00e9lectricit\u00e9 photovolta\u00efque n&rsquo;\u00e9met pas de gaz \u00e0 effet de serre.&hellip;<\/p>\n","protected":false},"author":1,"featured_media":0,"parent":0,"menu_order":0,"comment_status":"closed","ping_status":"closed","template":"","meta":{"footnotes":""},"class_list":["post-14891","page","type-page","status-publish","hentry","description-off"],"yoast_head":"<!-- This site is optimized with the Yoast SEO plugin v24.3 - https:\/\/yoast.com\/wordpress\/plugins\/seo\/ -->\n<title>Le photovolta\u00efque. Pourquoi faire ? Pourquoi le faire ? - Ausolen<\/title>\n<meta name=\"robots\" content=\"index, follow, max-snippet:-1, max-image-preview:large, max-video-preview:-1\" \/>\n<link rel=\"canonical\" href=\"https:\/\/ausolen.fr\/fr\/le-photovoltaique-pourquoi-faire-pourquoi-le-faire\/\" \/>\n<meta property=\"og:locale\" content=\"fr_FR\" \/>\n<meta property=\"og:type\" content=\"article\" \/>\n<meta property=\"og:title\" content=\"Le photovolta\u00efque. Pourquoi faire ? Pourquoi le faire ? - Ausolen\" \/>\n<meta property=\"og:description\" content=\"[vc_row][vc_column][vc_column_text] Le soleil fournit en \u00e9nergie, en permanence, 10000 fois la consommation de l&rsquo;humanit\u00e9. L&rsquo;existence des esp\u00e8ces, y compris la n\u00f4tre, n&rsquo;est due qu&rsquo;au flux quotidien d&rsquo;\u00e9nergie solaire et \u00e0 sa captation par les plantes. Le photovolta\u00efque constitue une \u00e9nergie fiable et durable. La production d&rsquo;\u00e9lectricit\u00e9 photovolta\u00efque n&rsquo;\u00e9met pas de gaz \u00e0 effet de serre.&hellip;\" \/>\n<meta property=\"og:url\" content=\"https:\/\/ausolen.fr\/fr\/le-photovoltaique-pourquoi-faire-pourquoi-le-faire\/\" \/>\n<meta property=\"og:site_name\" content=\"Ausolen\" \/>\n<meta property=\"article:modified_time\" content=\"2016-01-26T15:58:37+00:00\" \/>\n<meta property=\"og:image\" content=\"http:\/\/ausolen.fr\/fr\/wp-content\/uploads\/2016\/01\/ensoleillement_annuel-300x202.jpg\" \/>\n<meta name=\"twitter:card\" content=\"summary_large_image\" \/>\n<meta name=\"twitter:label1\" content=\"Dur\u00e9e de lecture estim\u00e9e\" \/>\n\t<meta name=\"twitter:data1\" content=\"1 minute\" \/>\n<script type=\"application\/ld+json\" class=\"yoast-schema-graph\">{\"@context\":\"https:\/\/schema.org\",\"@graph\":[{\"@type\":\"WebPage\",\"@id\":\"https:\/\/ausolen.fr\/fr\/le-photovoltaique-pourquoi-faire-pourquoi-le-faire\/\",\"url\":\"https:\/\/ausolen.fr\/fr\/le-photovoltaique-pourquoi-faire-pourquoi-le-faire\/\",\"name\":\"Le photovolta\u00efque. Pourquoi faire ? Pourquoi le faire ? - Ausolen\",\"isPartOf\":{\"@id\":\"https:\/\/ausolen.fr\/fr\/#website\"},\"primaryImageOfPage\":{\"@id\":\"https:\/\/ausolen.fr\/fr\/le-photovoltaique-pourquoi-faire-pourquoi-le-faire\/#primaryimage\"},\"image\":{\"@id\":\"https:\/\/ausolen.fr\/fr\/le-photovoltaique-pourquoi-faire-pourquoi-le-faire\/#primaryimage\"},\"thumbnailUrl\":\"http:\/\/ausolen.fr\/fr\/wp-content\/uploads\/2016\/01\/ensoleillement_annuel-300x202.jpg\",\"datePublished\":\"2016-01-26T15:40:14+00:00\",\"dateModified\":\"2016-01-26T15:58:37+00:00\",\"breadcrumb\":{\"@id\":\"https:\/\/ausolen.fr\/fr\/le-photovoltaique-pourquoi-faire-pourquoi-le-faire\/#breadcrumb\"},\"inLanguage\":\"fr-FR\",\"potentialAction\":[{\"@type\":\"ReadAction\",\"target\":[\"https:\/\/ausolen.fr\/fr\/le-photovoltaique-pourquoi-faire-pourquoi-le-faire\/\"]}]},{\"@type\":\"ImageObject\",\"inLanguage\":\"fr-FR\",\"@id\":\"https:\/\/ausolen.fr\/fr\/le-photovoltaique-pourquoi-faire-pourquoi-le-faire\/#primaryimage\",\"url\":\"http:\/\/ausolen.fr\/fr\/wp-content\/uploads\/2016\/01\/ensoleillement_annuel-300x202.jpg\",\"contentUrl\":\"http:\/\/ausolen.fr\/fr\/wp-content\/uploads\/2016\/01\/ensoleillement_annuel-300x202.jpg\"},{\"@type\":\"BreadcrumbList\",\"@id\":\"https:\/\/ausolen.fr\/fr\/le-photovoltaique-pourquoi-faire-pourquoi-le-faire\/#breadcrumb\",\"itemListElement\":[{\"@type\":\"ListItem\",\"position\":1,\"name\":\"Accueil\",\"item\":\"https:\/\/ausolen.fr\/fr\/\"},{\"@type\":\"ListItem\",\"position\":2,\"name\":\"Le photovolta\u00efque. Pourquoi faire ? Pourquoi le faire ?\"}]},{\"@type\":\"WebSite\",\"@id\":\"https:\/\/ausolen.fr\/fr\/#website\",\"url\":\"https:\/\/ausolen.fr\/fr\/\",\"name\":\"Ausolen\",\"description\":\"Installateur de panneaux solaire photovolta\u00efques\",\"potentialAction\":[{\"@type\":\"SearchAction\",\"target\":{\"@type\":\"EntryPoint\",\"urlTemplate\":\"https:\/\/ausolen.fr\/fr\/?s={search_term_string}\"},\"query-input\":{\"@type\":\"PropertyValueSpecification\",\"valueRequired\":true,\"valueName\":\"search_term_string\"}}],\"inLanguage\":\"fr-FR\"}]}<\/script>\n<!-- \/ Yoast SEO plugin. -->","yoast_head_json":{"title":"Le photovolta\u00efque. Pourquoi faire ? Pourquoi le faire ? - Ausolen","robots":{"index":"index","follow":"follow","max-snippet":"max-snippet:-1","max-image-preview":"max-image-preview:large","max-video-preview":"max-video-preview:-1"},"canonical":"https:\/\/ausolen.fr\/fr\/le-photovoltaique-pourquoi-faire-pourquoi-le-faire\/","og_locale":"fr_FR","og_type":"article","og_title":"Le photovolta\u00efque. Pourquoi faire ? Pourquoi le faire ? - Ausolen","og_description":"[vc_row][vc_column][vc_column_text] Le soleil fournit en \u00e9nergie, en permanence, 10000 fois la consommation de l&rsquo;humanit\u00e9. L&rsquo;existence des esp\u00e8ces, y compris la n\u00f4tre, n&rsquo;est due qu&rsquo;au flux quotidien d&rsquo;\u00e9nergie solaire et \u00e0 sa captation par les plantes. Le photovolta\u00efque constitue une \u00e9nergie fiable et durable. La production d&rsquo;\u00e9lectricit\u00e9 photovolta\u00efque n&rsquo;\u00e9met pas de gaz \u00e0 effet de serre.&hellip;","og_url":"https:\/\/ausolen.fr\/fr\/le-photovoltaique-pourquoi-faire-pourquoi-le-faire\/","og_site_name":"Ausolen","article_modified_time":"2016-01-26T15:58:37+00:00","og_image":[{"url":"http:\/\/ausolen.fr\/fr\/wp-content\/uploads\/2016\/01\/ensoleillement_annuel-300x202.jpg","type":"","width":"","height":""}],"twitter_card":"summary_large_image","twitter_misc":{"Dur\u00e9e de lecture estim\u00e9e":"1 minute"},"schema":{"@context":"https:\/\/schema.org","@graph":[{"@type":"WebPage","@id":"https:\/\/ausolen.fr\/fr\/le-photovoltaique-pourquoi-faire-pourquoi-le-faire\/","url":"https:\/\/ausolen.fr\/fr\/le-photovoltaique-pourquoi-faire-pourquoi-le-faire\/","name":"Le photovolta\u00efque. Pourquoi faire ? Pourquoi le faire ? - Ausolen","isPartOf":{"@id":"https:\/\/ausolen.fr\/fr\/#website"},"primaryImageOfPage":{"@id":"https:\/\/ausolen.fr\/fr\/le-photovoltaique-pourquoi-faire-pourquoi-le-faire\/#primaryimage"},"image":{"@id":"https:\/\/ausolen.fr\/fr\/le-photovoltaique-pourquoi-faire-pourquoi-le-faire\/#primaryimage"},"thumbnailUrl":"http:\/\/ausolen.fr\/fr\/wp-content\/uploads\/2016\/01\/ensoleillement_annuel-300x202.jpg","datePublished":"2016-01-26T15:40:14+00:00","dateModified":"2016-01-26T15:58:37+00:00","breadcrumb":{"@id":"https:\/\/ausolen.fr\/fr\/le-photovoltaique-pourquoi-faire-pourquoi-le-faire\/#breadcrumb"},"inLanguage":"fr-FR","potentialAction":[{"@type":"ReadAction","target":["https:\/\/ausolen.fr\/fr\/le-photovoltaique-pourquoi-faire-pourquoi-le-faire\/"]}]},{"@type":"ImageObject","inLanguage":"fr-FR","@id":"https:\/\/ausolen.fr\/fr\/le-photovoltaique-pourquoi-faire-pourquoi-le-faire\/#primaryimage","url":"http:\/\/ausolen.fr\/fr\/wp-content\/uploads\/2016\/01\/ensoleillement_annuel-300x202.jpg","contentUrl":"http:\/\/ausolen.fr\/fr\/wp-content\/uploads\/2016\/01\/ensoleillement_annuel-300x202.jpg"},{"@type":"BreadcrumbList","@id":"https:\/\/ausolen.fr\/fr\/le-photovoltaique-pourquoi-faire-pourquoi-le-faire\/#breadcrumb","itemListElement":[{"@type":"ListItem","position":1,"name":"Accueil","item":"https:\/\/ausolen.fr\/fr\/"},{"@type":"ListItem","position":2,"name":"Le photovolta\u00efque. Pourquoi faire ? Pourquoi le faire ?"}]},{"@type":"WebSite","@id":"https:\/\/ausolen.fr\/fr\/#website","url":"https:\/\/ausolen.fr\/fr\/","name":"Ausolen","description":"Installateur de panneaux solaire photovolta\u00efques","potentialAction":[{"@type":"SearchAction","target":{"@type":"EntryPoint","urlTemplate":"https:\/\/ausolen.fr\/fr\/?s={search_term_string}"},"query-input":{"@type":"PropertyValueSpecification","valueRequired":true,"valueName":"search_term_string"}}],"inLanguage":"fr-FR"}]}},"_links":{"self":[{"href":"https:\/\/ausolen.fr\/fr\/wp-json\/wp\/v2\/pages\/14891","targetHints":{"allow":["GET"]}}],"collection":[{"href":"https:\/\/ausolen.fr\/fr\/wp-json\/wp\/v2\/pages"}],"about":[{"href":"https:\/\/ausolen.fr\/fr\/wp-json\/wp\/v2\/types\/page"}],"author":[{"embeddable":true,"href":"https:\/\/ausolen.fr\/fr\/wp-json\/wp\/v2\/users\/1"}],"replies":[{"embeddable":true,"href":"https:\/\/ausolen.fr\/fr\/wp-json\/wp\/v2\/comments?post=14891"}],"version-history":[{"count":7,"href":"https:\/\/ausolen.fr\/fr\/wp-json\/wp\/v2\/pages\/14891\/revisions"}],"predecessor-version":[{"id":14914,"href":"https:\/\/ausolen.fr\/fr\/wp-json\/wp\/v2\/pages\/14891\/revisions\/14914"}],"wp:attachment":[{"href":"https:\/\/ausolen.fr\/fr\/wp-json\/wp\/v2\/media?parent=14891"}],"curies":[{"name":"wp","href":"https:\/\/api.w.org\/{rel}","templated":true}]}}