{"id":14905,"date":"2016-01-26T16:55:24","date_gmt":"2016-01-26T15:55:24","guid":{"rendered":"http:\/\/ausolen.fr\/fr\/?page_id=14905"},"modified":"2024-03-26T17:01:24","modified_gmt":"2024-03-26T16:01:24","slug":"nos-produits","status":"publish","type":"page","link":"https:\/\/ausolen.fr\/fr\/nos-produits\/","title":{"rendered":"Nos produits"},"content":{"rendered":"<div class=\"wpb-content-wrapper\"><p>[vc_row][vc_column][vc_column_text]Nous avons s\u00e9lectionn\u00e9 pour vous, des syst\u00e8mes de fixation, afin de r\u00e9pondre aux exigences techniques et r\u00e9glementaires. En fonction des configurations et des attentes de chacun, nous pouvons vous proposer tous types d\u2019installations.<\/p>\n<p>Nous vous proposons des modules utilisant la <strong>technologie monocristalline de derni\u00e8re g\u00e9n\u00e9ration<\/strong>. Nous avons s\u00e9lectionn\u00e9 des partenaires fabricants reconnus et des distributeurs de proximit\u00e9.<\/p>\n<p>Tous les produits b\u00e9n\u00e9ficient d\u2019une garantie constructeur. <strong>Garantie<\/strong> fabricant de <strong>10 ans<\/strong> pour la <strong>structure d\u2019int\u00e9gration-fixation<\/strong>, <strong>10 ans<\/strong> pour les <strong>batteries<\/strong>, jusqu\u2019\u00e0 <strong>12 ans<\/strong> pour certains <strong>onduleurs<\/strong>, <strong>25 ans<\/strong> pour les <strong>optimiseurs de puissance<\/strong>, <strong>15 ans<\/strong> sur le <strong>mat\u00e9riel pour les modules<\/strong>, et d\u2019une garantie jusqu\u2019\u00e0 <strong>30 ans sur la puissance<\/strong> pour les <strong>modules bi-verre<\/strong>.[\/vc_column_text]<style type=\"text\/css\" data-type=\"the7_shortcodes-inline-css\">.gallery-shortcode.gallery-masonry-shortcode-id-0193a9f22aa080e576faf1d7db78c534 figure,\n.gallery-shortcode.gallery-masonry-shortcode-id-0193a9f22aa080e576faf1d7db78c534 .rollover,\n.gallery-shortcode.gallery-masonry-shortcode-id-0193a9f22aa080e576faf1d7db78c534 img,\n.gallery-shortcode.gallery-masonry-shortcode-id-0193a9f22aa080e576faf1d7db78c534 .gallery-rollover {\n  border-radius: 0px;\n}\n.gallery-shortcode.gallery-masonry-shortcode-id-0193a9f22aa080e576faf1d7db78c534.enable-bg-rollover .gallery-rollover {\n  background: -webkit-linear-gradient();\n  background: linear-gradient();\n}\n.gallery-shortcode.gallery-masonry-shortcode-id-0193a9f22aa080e576faf1d7db78c534.enable-bg-rollover.hover-scale figure .rollover:after {\n  background: -webkit-linear-gradient();\n  background: linear-gradient();\n}\n.gallery-shortcode.gallery-masonry-shortcode-id-0193a9f22aa080e576faf1d7db78c534 .gallery-zoom-ico {\n  width: 44px;\n  height: 44px;\n  line-height: 44px;\n  border-radius: 100px;\n  margin: -22px 0 0 -22px;\n  border-width: 0px;\n  color: #ffffff;\n}\n.dt-icon-bg-on.gallery-shortcode.gallery-masonry-shortcode-id-0193a9f22aa080e576faf1d7db78c534 .gallery-zoom-ico {\n  background: rgba(255,255,255,0.3);\n  box-shadow: none;\n}\n.gallery-shortcode.gallery-masonry-shortcode-id-0193a9f22aa080e576faf1d7db78c534 .gallery-zoom-ico:before,\n.gallery-shortcode.gallery-masonry-shortcode-id-0193a9f22aa080e576faf1d7db78c534 .gallery-zoom-ico span {\n  font-size: 32px;\n  line-height: 44px;\n  color: #ffffff;\n}\n.gallery-shortcode.gallery-masonry-shortcode-id-0193a9f22aa080e576faf1d7db78c534:not(.resize-by-browser-width) .dt-css-grid {\n  grid-row-gap: 10px;\n  grid-column-gap: 10px;\n  grid-template-columns: repeat(auto-fill,minmax(,1fr));\n}\n.gallery-shortcode.gallery-masonry-shortcode-id-0193a9f22aa080e576faf1d7db78c534:not(.resize-by-browser-width) .dt-css-grid .double-width {\n  grid-column: span 2;\n}\n.cssgridlegacy.no-cssgrid .gallery-shortcode.gallery-masonry-shortcode-id-0193a9f22aa080e576faf1d7db78c534:not(.resize-by-browser-width) .dt-css-grid,\n.no-cssgridlegacy.no-cssgrid .gallery-shortcode.gallery-masonry-shortcode-id-0193a9f22aa080e576faf1d7db78c534:not(.resize-by-browser-width) .dt-css-grid {\n  display: flex;\n  flex-flow: row wrap;\n  margin: -5px;\n}\n.cssgridlegacy.no-cssgrid .gallery-shortcode.gallery-masonry-shortcode-id-0193a9f22aa080e576faf1d7db78c534:not(.resize-by-browser-width) .dt-css-grid .wf-cell,\n.no-cssgridlegacy.no-cssgrid .gallery-shortcode.gallery-masonry-shortcode-id-0193a9f22aa080e576faf1d7db78c534:not(.resize-by-browser-width) .dt-css-grid .wf-cell {\n  flex: 1 0 ;\n  max-width: 100%;\n  padding: 5px;\n  box-sizing: border-box;\n}\n.gallery-shortcode.gallery-masonry-shortcode-id-0193a9f22aa080e576faf1d7db78c534.resize-by-browser-width .dt-css-grid {\n  grid-template-columns: repeat(5,1fr);\n  grid-template-rows: auto;\n  grid-column-gap: 10px;\n  grid-row-gap: 10px;\n}\n.gallery-shortcode.gallery-masonry-shortcode-id-0193a9f22aa080e576faf1d7db78c534.resize-by-browser-width .dt-css-grid .double-width {\n  grid-column: span 2;\n}\n.cssgridlegacy.no-cssgrid .gallery-shortcode.gallery-masonry-shortcode-id-0193a9f22aa080e576faf1d7db78c534.resize-by-browser-width .dt-css-grid {\n  margin: -5px;\n}\n.cssgridlegacy.no-cssgrid .gallery-shortcode.gallery-masonry-shortcode-id-0193a9f22aa080e576faf1d7db78c534.resize-by-browser-width .dt-css-grid .wf-cell {\n  width: 20%;\n  padding: 5px;\n}\n.cssgridlegacy.no-cssgrid .gallery-shortcode.gallery-masonry-shortcode-id-0193a9f22aa080e576faf1d7db78c534.resize-by-browser-width .dt-css-grid .wf-cell.double-width {\n  width: calc(20%) * 2;\n}\n.gallery-shortcode.gallery-masonry-shortcode-id-0193a9f22aa080e576faf1d7db78c534.resize-by-browser-width:not(.centered-layout-list):not(.content-bg-on) .dt-css-grid {\n  grid-row-gap: 10px - ;\n}\n@media screen and (max-width: 1199px) {\n  .gallery-shortcode.gallery-masonry-shortcode-id-0193a9f22aa080e576faf1d7db78c534.resize-by-browser-width .dt-css-grid {\n    grid-template-columns: repeat(5,1fr);\n  }\n  .cssgridlegacy.no-cssgrid .gallery-shortcode.gallery-masonry-shortcode-id-0193a9f22aa080e576faf1d7db78c534.resize-by-browser-width .dt-css-grid .wf-cell,\n  .no-cssgridlegacy.no-cssgrid .gallery-shortcode.gallery-masonry-shortcode-id-0193a9f22aa080e576faf1d7db78c534.resize-by-browser-width .dt-css-grid .wf-cell {\n    width: 20%;\n  }\n  .cssgridlegacy.no-cssgrid .gallery-shortcode.gallery-masonry-shortcode-id-0193a9f22aa080e576faf1d7db78c534.resize-by-browser-width .dt-css-grid .wf-cell.double-width,\n  .no-cssgridlegacy.no-cssgrid .gallery-shortcode.gallery-masonry-shortcode-id-0193a9f22aa080e576faf1d7db78c534.resize-by-browser-width .dt-css-grid .wf-cell.double-width {\n    width: calc(20%)*2;\n  }\n}\n@media screen and (max-width: 991px) {\n  .gallery-shortcode.gallery-masonry-shortcode-id-0193a9f22aa080e576faf1d7db78c534.resize-by-browser-width .dt-css-grid {\n    grid-template-columns: repeat(3,1fr);\n  }\n  .cssgridlegacy.no-cssgrid .gallery-shortcode.gallery-masonry-shortcode-id-0193a9f22aa080e576faf1d7db78c534.resize-by-browser-width .dt-css-grid .wf-cell,\n  .no-cssgridlegacy.no-cssgrid .gallery-shortcode.gallery-masonry-shortcode-id-0193a9f22aa080e576faf1d7db78c534.resize-by-browser-width .dt-css-grid .wf-cell {\n    width: 33.333333333333%;\n  }\n  .cssgridlegacy.no-cssgrid .gallery-shortcode.gallery-masonry-shortcode-id-0193a9f22aa080e576faf1d7db78c534.resize-by-browser-width .dt-css-grid .wf-cell.double-width,\n  .no-cssgridlegacy.no-cssgrid .gallery-shortcode.gallery-masonry-shortcode-id-0193a9f22aa080e576faf1d7db78c534.resize-by-browser-width .dt-css-grid .wf-cell.double-width {\n    width: calc(33.333333333333%)*2;\n  }\n}\n@media screen and (max-width: 767px) {\n  .gallery-shortcode.gallery-masonry-shortcode-id-0193a9f22aa080e576faf1d7db78c534.resize-by-browser-width .dt-css-grid {\n    grid-template-columns: repeat(2,1fr);\n  }\n  .cssgridlegacy.no-cssgrid .gallery-shortcode.gallery-masonry-shortcode-id-0193a9f22aa080e576faf1d7db78c534.resize-by-browser-width .dt-css-grid .wf-cell,\n  .no-cssgridlegacy.no-cssgrid .gallery-shortcode.gallery-masonry-shortcode-id-0193a9f22aa080e576faf1d7db78c534.resize-by-browser-width .dt-css-grid .wf-cell {\n    width: 50%;\n  }\n  .cssgridlegacy.no-cssgrid .gallery-shortcode.gallery-masonry-shortcode-id-0193a9f22aa080e576faf1d7db78c534.resize-by-browser-width .dt-css-grid .wf-cell.double-width,\n  .no-cssgridlegacy.no-cssgrid .gallery-shortcode.gallery-masonry-shortcode-id-0193a9f22aa080e576faf1d7db78c534.resize-by-browser-width .dt-css-grid .wf-cell.double-width {\n    width: calc(50%)*2;\n  }\n}\n<\/style><div class=\"gallery-shortcode dt-gallery-container gallery-masonry-shortcode-id-0193a9f22aa080e576faf1d7db78c534 mode-masonry jquery-filter dt-icon-bg-off quick-scale-img enable-bg-rollover resize-by-browser-width  hover-fade loading-effect-none description-on-hover\" data-padding=\"5px\" data-cur-page=\"1\" data-post-limit=\"-1\" data-pagination-mode=\"none\" data-desktop-columns-num=\"5\" data-v-tablet-columns-num=\"3\" data-h-tablet-columns-num=\"5\" data-phone-columns-num=\"2\" data-width=\"0px\" data-columns=\"0\"><div class=\"iso-container\" ><div class=\"wf-cell iso-item\" data-post-id=\"15296\" data-date=\"2024-03-26T10:38:12+01:00\" data-name=\"AUSOLEN - installateur RGE - PV SOLAIRE \u00c9NERGIE\"><figure class=\"post visible\"><a href=\"https:\/\/ausolen.fr\/fr\/wp-content\/uploads\/2024\/03\/nos-offres_produits_1-scaled.jpeg\" class=\"rollover dt-pswp-item layzr-bg\" data-large_image_width=\"2560\" data-large_image_height=\"1920\" data-dt-img-description=\"\" title=\"AUSOLEN &#8211; installateur RGE &#8211; PV SOLAIRE \u00c9NERGIE\"><img fetchpriority=\"high\" decoding=\"async\" class=\"preload-me iso-lazy-load aspect\" src=\"data:image\/svg+xml,%3Csvg%20xmlns%3D&#39;http%3A%2F%2Fwww.w3.org%2F2000%2Fsvg&#39;%20viewBox%3D&#39;0%200%20379%20379&#39;%2F%3E\" data-src=\"https:\/\/ausolen.fr\/fr\/wp-content\/uploads\/2024\/03\/nos-offres_produits_1-scaled-379x379.jpeg\" data-srcset=\"https:\/\/ausolen.fr\/fr\/wp-content\/uploads\/2024\/03\/nos-offres_produits_1-scaled-379x379.jpeg 379w, https:\/\/ausolen.fr\/fr\/wp-content\/uploads\/2024\/03\/nos-offres_produits_1-scaled-569x569.jpeg 569w\" loading=\"eager\" style=\"--ratio: 379 \/ 379\" sizes=\"(max-width: 379px) 100vw, 379px\" alt=\"AUSOLEN - installateur RGE - PV SOLAIRE \u00c9NERGIE\" width=\"379\" height=\"379\"  \/><span class=\"gallery-rollover\"><span class=\"gallery-zoom-ico icomoon-the7-font-the7-zoom-06\"><span><\/span><\/span><\/span><\/a><\/figure><\/div><div class=\"wf-cell iso-item\" data-post-id=\"15297\" data-date=\"2024-03-26T10:38:18+01:00\" data-name=\"AUSOLEN - installateur RGE - PV SOLAIRE \u00c9NERGIE\"><figure class=\"post visible\"><a href=\"https:\/\/ausolen.fr\/fr\/wp-content\/uploads\/2024\/03\/nos-offres_produits_2-scaled.jpeg\" class=\"rollover dt-pswp-item layzr-bg\" data-large_image_width=\"2560\" data-large_image_height=\"1920\" data-dt-img-description=\"\" title=\"AUSOLEN &#8211; installateur RGE &#8211; PV SOLAIRE \u00c9NERGIE\"><img decoding=\"async\" class=\"preload-me iso-lazy-load aspect\" src=\"data:image\/svg+xml,%3Csvg%20xmlns%3D&#39;http%3A%2F%2Fwww.w3.org%2F2000%2Fsvg&#39;%20viewBox%3D&#39;0%200%20379%20379&#39;%2F%3E\" data-src=\"https:\/\/ausolen.fr\/fr\/wp-content\/uploads\/2024\/03\/nos-offres_produits_2-scaled-379x379.jpeg\" data-srcset=\"https:\/\/ausolen.fr\/fr\/wp-content\/uploads\/2024\/03\/nos-offres_produits_2-scaled-379x379.jpeg 379w, https:\/\/ausolen.fr\/fr\/wp-content\/uploads\/2024\/03\/nos-offres_produits_2-scaled-569x569.jpeg 569w\" loading=\"eager\" style=\"--ratio: 379 \/ 379\" sizes=\"(max-width: 379px) 100vw, 379px\" alt=\"AUSOLEN - installateur RGE - PV SOLAIRE \u00c9NERGIE\" width=\"379\" height=\"379\"  \/><span class=\"gallery-rollover\"><span class=\"gallery-zoom-ico icomoon-the7-font-the7-zoom-06\"><span><\/span><\/span><\/span><\/a><\/figure><\/div><div class=\"wf-cell iso-item\" data-post-id=\"15298\" data-date=\"2024-03-26T10:38:23+01:00\" data-name=\"AUSOLEN - installateur RGE - PV SOLAIRE \u00c9NERGIE\"><figure class=\"post visible\"><a href=\"https:\/\/ausolen.fr\/fr\/wp-content\/uploads\/2024\/03\/nos-offres_produits_3-scaled.jpeg\" class=\"rollover dt-pswp-item layzr-bg\" data-large_image_width=\"2560\" data-large_image_height=\"1920\" data-dt-img-description=\"\" title=\"AUSOLEN &#8211; installateur RGE &#8211; PV SOLAIRE \u00c9NERGIE\"><img decoding=\"async\" class=\"preload-me iso-lazy-load aspect\" src=\"data:image\/svg+xml,%3Csvg%20xmlns%3D&#39;http%3A%2F%2Fwww.w3.org%2F2000%2Fsvg&#39;%20viewBox%3D&#39;0%200%20379%20379&#39;%2F%3E\" data-src=\"https:\/\/ausolen.fr\/fr\/wp-content\/uploads\/2024\/03\/nos-offres_produits_3-scaled-379x379.jpeg\" data-srcset=\"https:\/\/ausolen.fr\/fr\/wp-content\/uploads\/2024\/03\/nos-offres_produits_3-scaled-379x379.jpeg 379w, https:\/\/ausolen.fr\/fr\/wp-content\/uploads\/2024\/03\/nos-offres_produits_3-scaled-569x569.jpeg 569w\" loading=\"eager\" style=\"--ratio: 379 \/ 379\" sizes=\"(max-width: 379px) 100vw, 379px\" alt=\"AUSOLEN - installateur RGE - PV SOLAIRE \u00c9NERGIE\" width=\"379\" height=\"379\"  \/><span class=\"gallery-rollover\"><span class=\"gallery-zoom-ico icomoon-the7-font-the7-zoom-06\"><span><\/span><\/span><\/span><\/a><\/figure><\/div><div class=\"wf-cell iso-item\" data-post-id=\"15299\" data-date=\"2024-03-26T10:38:29+01:00\" data-name=\"AUSOLEN - installateur RGE - PV SOLAIRE \u00c9NERGIE\"><figure class=\"post visible\"><a href=\"https:\/\/ausolen.fr\/fr\/wp-content\/uploads\/2024\/03\/nos-offres_produits_4-scaled.jpeg\" class=\"rollover dt-pswp-item layzr-bg\" data-large_image_width=\"2560\" data-large_image_height=\"1920\" data-dt-img-description=\"\" title=\"AUSOLEN &#8211; installateur RGE &#8211; PV SOLAIRE \u00c9NERGIE\"><img decoding=\"async\" class=\"preload-me iso-lazy-load aspect\" src=\"data:image\/svg+xml,%3Csvg%20xmlns%3D&#39;http%3A%2F%2Fwww.w3.org%2F2000%2Fsvg&#39;%20viewBox%3D&#39;0%200%20379%20379&#39;%2F%3E\" data-src=\"https:\/\/ausolen.fr\/fr\/wp-content\/uploads\/2024\/03\/nos-offres_produits_4-scaled-379x379.jpeg\" data-srcset=\"https:\/\/ausolen.fr\/fr\/wp-content\/uploads\/2024\/03\/nos-offres_produits_4-scaled-379x379.jpeg 379w, https:\/\/ausolen.fr\/fr\/wp-content\/uploads\/2024\/03\/nos-offres_produits_4-scaled-569x569.jpeg 569w\" loading=\"eager\" style=\"--ratio: 379 \/ 379\" sizes=\"(max-width: 379px) 100vw, 379px\" alt=\"AUSOLEN - installateur RGE - PV SOLAIRE \u00c9NERGIE\" width=\"379\" height=\"379\"  \/><span class=\"gallery-rollover\"><span class=\"gallery-zoom-ico icomoon-the7-font-the7-zoom-06\"><span><\/span><\/span><\/span><\/a><\/figure><\/div><div class=\"wf-cell iso-item\" data-post-id=\"15300\" data-date=\"2024-03-26T10:38:35+01:00\" data-name=\"AUSOLEN - installateur RGE - PV SOLAIRE \u00c9NERGIE\"><figure class=\"post visible\"><a href=\"https:\/\/ausolen.fr\/fr\/wp-content\/uploads\/2024\/03\/nos-offres_produits_5-scaled.jpeg\" class=\"rollover dt-pswp-item layzr-bg\" data-large_image_width=\"1920\" data-large_image_height=\"2560\" data-dt-img-description=\"\" title=\"AUSOLEN &#8211; installateur RGE &#8211; PV SOLAIRE \u00c9NERGIE\"><img decoding=\"async\" class=\"preload-me iso-lazy-load aspect\" src=\"data:image\/svg+xml,%3Csvg%20xmlns%3D&#39;http%3A%2F%2Fwww.w3.org%2F2000%2Fsvg&#39;%20viewBox%3D&#39;0%200%20379%20379&#39;%2F%3E\" data-src=\"https:\/\/ausolen.fr\/fr\/wp-content\/uploads\/2024\/03\/nos-offres_produits_5-scaled-379x379.jpeg\" data-srcset=\"https:\/\/ausolen.fr\/fr\/wp-content\/uploads\/2024\/03\/nos-offres_produits_5-scaled-379x379.jpeg 379w, https:\/\/ausolen.fr\/fr\/wp-content\/uploads\/2024\/03\/nos-offres_produits_5-scaled-569x569.jpeg 569w\" loading=\"eager\" style=\"--ratio: 379 \/ 379\" sizes=\"(max-width: 379px) 100vw, 379px\" alt=\"AUSOLEN - installateur RGE - PV SOLAIRE \u00c9NERGIE\" width=\"379\" height=\"379\"  \/><span class=\"gallery-rollover\"><span class=\"gallery-zoom-ico icomoon-the7-font-the7-zoom-06\"><span><\/span><\/span><\/span><\/a><\/figure><\/div><\/div><!-- iso-container|iso-grid --><\/div>[\/vc_column][\/vc_row]<\/p>\n<\/div>","protected":false},"excerpt":{"rendered":"<p>[vc_row][vc_column][vc_column_text]Nous avons s\u00e9lectionn\u00e9 pour vous, des syst\u00e8mes de fixation, afin de r\u00e9pondre aux exigences techniques et r\u00e9glementaires. En fonction des configurations et des attentes de chacun, nous pouvons vous proposer tous types d\u2019installations. Nous vous proposons des modules utilisant la technologie monocristalline de derni\u00e8re g\u00e9n\u00e9ration. Nous avons s\u00e9lectionn\u00e9 des partenaires fabricants reconnus et des distributeurs&hellip;<\/p>\n","protected":false},"author":1,"featured_media":0,"parent":0,"menu_order":0,"comment_status":"closed","ping_status":"closed","template":"","meta":{"footnotes":""},"class_list":["post-14905","page","type-page","status-publish","hentry","description-off"],"yoast_head":"<!-- This site is optimized with the Yoast SEO plugin v24.3 - https:\/\/yoast.com\/wordpress\/plugins\/seo\/ -->\n<title>Nos produits - Ausolen<\/title>\n<meta name=\"robots\" content=\"index, follow, max-snippet:-1, max-image-preview:large, max-video-preview:-1\" \/>\n<link rel=\"canonical\" href=\"https:\/\/ausolen.fr\/fr\/nos-produits\/\" \/>\n<meta property=\"og:locale\" content=\"fr_FR\" \/>\n<meta property=\"og:type\" content=\"article\" \/>\n<meta property=\"og:title\" content=\"Nos produits - Ausolen\" \/>\n<meta property=\"og:description\" content=\"[vc_row][vc_column][vc_column_text]Nous avons s\u00e9lectionn\u00e9 pour vous, des syst\u00e8mes de fixation, afin de r\u00e9pondre aux exigences techniques et r\u00e9glementaires. En fonction des configurations et des attentes de chacun, nous pouvons vous proposer tous types d\u2019installations. Nous vous proposons des modules utilisant la technologie monocristalline de derni\u00e8re g\u00e9n\u00e9ration. Nous avons s\u00e9lectionn\u00e9 des partenaires fabricants reconnus et des distributeurs&hellip;\" \/>\n<meta property=\"og:url\" content=\"https:\/\/ausolen.fr\/fr\/nos-produits\/\" \/>\n<meta property=\"og:site_name\" content=\"Ausolen\" \/>\n<meta property=\"article:modified_time\" content=\"2024-03-26T16:01:24+00:00\" \/>\n<meta name=\"twitter:card\" content=\"summary_large_image\" \/>\n<meta name=\"twitter:label1\" content=\"Dur\u00e9e de lecture estim\u00e9e\" \/>\n\t<meta name=\"twitter:data1\" content=\"1 minute\" \/>\n<script type=\"application\/ld+json\" class=\"yoast-schema-graph\">{\"@context\":\"https:\/\/schema.org\",\"@graph\":[{\"@type\":\"WebPage\",\"@id\":\"https:\/\/ausolen.fr\/fr\/nos-produits\/\",\"url\":\"https:\/\/ausolen.fr\/fr\/nos-produits\/\",\"name\":\"Nos produits - Ausolen\",\"isPartOf\":{\"@id\":\"https:\/\/ausolen.fr\/fr\/#website\"},\"datePublished\":\"2016-01-26T15:55:24+00:00\",\"dateModified\":\"2024-03-26T16:01:24+00:00\",\"breadcrumb\":{\"@id\":\"https:\/\/ausolen.fr\/fr\/nos-produits\/#breadcrumb\"},\"inLanguage\":\"fr-FR\",\"potentialAction\":[{\"@type\":\"ReadAction\",\"target\":[\"https:\/\/ausolen.fr\/fr\/nos-produits\/\"]}]},{\"@type\":\"BreadcrumbList\",\"@id\":\"https:\/\/ausolen.fr\/fr\/nos-produits\/#breadcrumb\",\"itemListElement\":[{\"@type\":\"ListItem\",\"position\":1,\"name\":\"Accueil\",\"item\":\"https:\/\/ausolen.fr\/fr\/\"},{\"@type\":\"ListItem\",\"position\":2,\"name\":\"Nos produits\"}]},{\"@type\":\"WebSite\",\"@id\":\"https:\/\/ausolen.fr\/fr\/#website\",\"url\":\"https:\/\/ausolen.fr\/fr\/\",\"name\":\"Ausolen\",\"description\":\"Installateur de panneaux solaire photovolta\u00efques\",\"potentialAction\":[{\"@type\":\"SearchAction\",\"target\":{\"@type\":\"EntryPoint\",\"urlTemplate\":\"https:\/\/ausolen.fr\/fr\/?s={search_term_string}\"},\"query-input\":{\"@type\":\"PropertyValueSpecification\",\"valueRequired\":true,\"valueName\":\"search_term_string\"}}],\"inLanguage\":\"fr-FR\"}]}<\/script>\n<!-- \/ Yoast SEO plugin. -->","yoast_head_json":{"title":"Nos produits - Ausolen","robots":{"index":"index","follow":"follow","max-snippet":"max-snippet:-1","max-image-preview":"max-image-preview:large","max-video-preview":"max-video-preview:-1"},"canonical":"https:\/\/ausolen.fr\/fr\/nos-produits\/","og_locale":"fr_FR","og_type":"article","og_title":"Nos produits - Ausolen","og_description":"[vc_row][vc_column][vc_column_text]Nous avons s\u00e9lectionn\u00e9 pour vous, des syst\u00e8mes de fixation, afin de r\u00e9pondre aux exigences techniques et r\u00e9glementaires. En fonction des configurations et des attentes de chacun, nous pouvons vous proposer tous types d\u2019installations. Nous vous proposons des modules utilisant la technologie monocristalline de derni\u00e8re g\u00e9n\u00e9ration. Nous avons s\u00e9lectionn\u00e9 des partenaires fabricants reconnus et des distributeurs&hellip;","og_url":"https:\/\/ausolen.fr\/fr\/nos-produits\/","og_site_name":"Ausolen","article_modified_time":"2024-03-26T16:01:24+00:00","twitter_card":"summary_large_image","twitter_misc":{"Dur\u00e9e de lecture estim\u00e9e":"1 minute"},"schema":{"@context":"https:\/\/schema.org","@graph":[{"@type":"WebPage","@id":"https:\/\/ausolen.fr\/fr\/nos-produits\/","url":"https:\/\/ausolen.fr\/fr\/nos-produits\/","name":"Nos produits - Ausolen","isPartOf":{"@id":"https:\/\/ausolen.fr\/fr\/#website"},"datePublished":"2016-01-26T15:55:24+00:00","dateModified":"2024-03-26T16:01:24+00:00","breadcrumb":{"@id":"https:\/\/ausolen.fr\/fr\/nos-produits\/#breadcrumb"},"inLanguage":"fr-FR","potentialAction":[{"@type":"ReadAction","target":["https:\/\/ausolen.fr\/fr\/nos-produits\/"]}]},{"@type":"BreadcrumbList","@id":"https:\/\/ausolen.fr\/fr\/nos-produits\/#breadcrumb","itemListElement":[{"@type":"ListItem","position":1,"name":"Accueil","item":"https:\/\/ausolen.fr\/fr\/"},{"@type":"ListItem","position":2,"name":"Nos produits"}]},{"@type":"WebSite","@id":"https:\/\/ausolen.fr\/fr\/#website","url":"https:\/\/ausolen.fr\/fr\/","name":"Ausolen","description":"Installateur de panneaux solaire photovolta\u00efques","potentialAction":[{"@type":"SearchAction","target":{"@type":"EntryPoint","urlTemplate":"https:\/\/ausolen.fr\/fr\/?s={search_term_string}"},"query-input":{"@type":"PropertyValueSpecification","valueRequired":true,"valueName":"search_term_string"}}],"inLanguage":"fr-FR"}]}},"_links":{"self":[{"href":"https:\/\/ausolen.fr\/fr\/wp-json\/wp\/v2\/pages\/14905","targetHints":{"allow":["GET"]}}],"collection":[{"href":"https:\/\/ausolen.fr\/fr\/wp-json\/wp\/v2\/pages"}],"about":[{"href":"https:\/\/ausolen.fr\/fr\/wp-json\/wp\/v2\/types\/page"}],"author":[{"embeddable":true,"href":"https:\/\/ausolen.fr\/fr\/wp-json\/wp\/v2\/users\/1"}],"replies":[{"embeddable":true,"href":"https:\/\/ausolen.fr\/fr\/wp-json\/wp\/v2\/comments?post=14905"}],"version-history":[{"count":11,"href":"https:\/\/ausolen.fr\/fr\/wp-json\/wp\/v2\/pages\/14905\/revisions"}],"predecessor-version":[{"id":15374,"href":"https:\/\/ausolen.fr\/fr\/wp-json\/wp\/v2\/pages\/14905\/revisions\/15374"}],"wp:attachment":[{"href":"https:\/\/ausolen.fr\/fr\/wp-json\/wp\/v2\/media?parent=14905"}],"curies":[{"name":"wp","href":"https:\/\/api.w.org\/{rel}","templated":true}]}}