{"id":14915,"date":"2016-01-26T17:11:21","date_gmt":"2016-01-26T16:11:21","guid":{"rendered":"http:\/\/ausolen.fr\/fr\/?page_id=14915"},"modified":"2016-01-26T17:24:31","modified_gmt":"2016-01-26T16:24:31","slug":"les-differents-branchements","status":"publish","type":"page","link":"https:\/\/ausolen.fr\/fr\/les-differents-branchements\/","title":{"rendered":"Les diff\u00e9rents branchements"},"content":{"rendered":"<div class=\"wpb-content-wrapper\"><p>[vc_row][vc_column width=\u00a0\u00bb1\/2&Prime;][vc_single_image image=\u00a0\u00bb14916&Prime; img_size=\u00a0\u00bblarge\u00a0\u00bb alignment=\u00a0\u00bbcenter\u00a0\u00bb onclick=\u00a0\u00bblink_image\u00a0\u00bb][vc_column_text]<\/p>\n<p style=\"text-align: center;\"><strong>Le site isol\u00e9 avec syst\u00e8me autonome par batteries<\/strong><\/p>\n<p>[\/vc_column_text][\/vc_column][vc_column width=\u00a0\u00bb1\/2&Prime;][vc_single_image image=\u00a0\u00bb14917&Prime; img_size=\u00a0\u00bblarge\u00a0\u00bb alignment=\u00a0\u00bbcenter\u00a0\u00bb onclick=\u00a0\u00bblink_image\u00a0\u00bb][vc_column_text]<\/p>\n<div align=\"center\"><strong>Le site isol\u00e9 avec syst\u00e8me hybride<\/strong><\/div>\n<p style=\"text-align: center;\"><strong>\u00a0<\/strong><\/p>\n<p>[\/vc_column_text][\/vc_column][\/vc_row][vc_row][vc_column width=\u00a0\u00bb1\/2&Prime;][vc_single_image image=\u00a0\u00bb14918&Prime; img_size=\u00a0\u00bblarge\u00a0\u00bb alignment=\u00a0\u00bbcenter\u00a0\u00bb onclick=\u00a0\u00bblink_image\u00a0\u00bb][vc_column_text]<\/p>\n<p align=\"center\"><strong>Le syst\u00e8me raccord\u00e9 au r\u00e9seau vente partielle<\/strong><\/p>\n<p style=\"text-align: center;\"><strong>\u00a0<\/strong><\/p>\n<p>[\/vc_column_text][\/vc_column][vc_column width=\u00a0\u00bb1\/2&Prime;][vc_single_image image=\u00a0\u00bb14919&Prime; img_size=\u00a0\u00bblarge\u00a0\u00bb alignment=\u00a0\u00bbcenter\u00a0\u00bb onclick=\u00a0\u00bblink_image\u00a0\u00bb][vc_column_text]<\/p>\n<p align=\"center\"><strong>Le syst\u00e8me raccord\u00e9 au r\u00e9seau vente totale<\/strong><\/p>\n<p style=\"text-align: center;\"><strong>\u00a0<\/strong><\/p>\n<p>[\/vc_column_text][\/vc_column][\/vc_row]<\/p>\n<\/div>","protected":false},"excerpt":{"rendered":"<p>[vc_row][vc_column width=\u00a0\u00bb1\/2&Prime;][vc_single_image image=\u00a0\u00bb14916&Prime; img_size=\u00a0\u00bblarge\u00a0\u00bb alignment=\u00a0\u00bbcenter\u00a0\u00bb onclick=\u00a0\u00bblink_image\u00a0\u00bb][vc_column_text] Le site isol\u00e9 avec syst\u00e8me autonome par batteries [\/vc_column_text][\/vc_column][vc_column width=\u00a0\u00bb1\/2&Prime;][vc_single_image image=\u00a0\u00bb14917&Prime; img_size=\u00a0\u00bblarge\u00a0\u00bb alignment=\u00a0\u00bbcenter\u00a0\u00bb onclick=\u00a0\u00bblink_image\u00a0\u00bb][vc_column_text] Le site isol\u00e9 avec syst\u00e8me hybride \u00a0 [\/vc_column_text][\/vc_column][\/vc_row][vc_row][vc_column width=\u00a0\u00bb1\/2&Prime;][vc_single_image image=\u00a0\u00bb14918&Prime; img_size=\u00a0\u00bblarge\u00a0\u00bb alignment=\u00a0\u00bbcenter\u00a0\u00bb onclick=\u00a0\u00bblink_image\u00a0\u00bb][vc_column_text] Le syst\u00e8me raccord\u00e9 au r\u00e9seau vente partielle \u00a0 [\/vc_column_text][\/vc_column][vc_column width=\u00a0\u00bb1\/2&Prime;][vc_single_image image=\u00a0\u00bb14919&Prime; img_size=\u00a0\u00bblarge\u00a0\u00bb alignment=\u00a0\u00bbcenter\u00a0\u00bb onclick=\u00a0\u00bblink_image\u00a0\u00bb][vc_column_text] Le syst\u00e8me raccord\u00e9 au r\u00e9seau vente totale \u00a0&hellip;<\/p>\n","protected":false},"author":1,"featured_media":0,"parent":0,"menu_order":0,"comment_status":"closed","ping_status":"closed","template":"","meta":{"footnotes":""},"class_list":["post-14915","page","type-page","status-publish","hentry","description-off"],"yoast_head":"<!-- This site is optimized with the Yoast SEO plugin v24.3 - https:\/\/yoast.com\/wordpress\/plugins\/seo\/ -->\n<title>Les diff\u00e9rents branchements - Ausolen<\/title>\n<meta name=\"robots\" content=\"index, follow, max-snippet:-1, max-image-preview:large, max-video-preview:-1\" \/>\n<link rel=\"canonical\" href=\"https:\/\/ausolen.fr\/fr\/les-differents-branchements\/\" \/>\n<meta property=\"og:locale\" content=\"fr_FR\" \/>\n<meta property=\"og:type\" content=\"article\" \/>\n<meta property=\"og:title\" content=\"Les diff\u00e9rents branchements - Ausolen\" \/>\n<meta property=\"og:description\" content=\"[vc_row][vc_column width=\u00a0\u00bb1\/2&Prime;][vc_single_image image=\u00a0\u00bb14916&Prime; img_size=\u00a0\u00bblarge\u00a0\u00bb alignment=\u00a0\u00bbcenter\u00a0\u00bb onclick=\u00a0\u00bblink_image\u00a0\u00bb][vc_column_text] Le site isol\u00e9 avec syst\u00e8me autonome par batteries [\/vc_column_text][\/vc_column][vc_column width=\u00a0\u00bb1\/2&Prime;][vc_single_image image=\u00a0\u00bb14917&Prime; img_size=\u00a0\u00bblarge\u00a0\u00bb alignment=\u00a0\u00bbcenter\u00a0\u00bb onclick=\u00a0\u00bblink_image\u00a0\u00bb][vc_column_text] Le site isol\u00e9 avec syst\u00e8me hybride \u00a0 [\/vc_column_text][\/vc_column][\/vc_row][vc_row][vc_column width=\u00a0\u00bb1\/2&Prime;][vc_single_image image=\u00a0\u00bb14918&Prime; img_size=\u00a0\u00bblarge\u00a0\u00bb alignment=\u00a0\u00bbcenter\u00a0\u00bb onclick=\u00a0\u00bblink_image\u00a0\u00bb][vc_column_text] Le syst\u00e8me raccord\u00e9 au r\u00e9seau vente partielle \u00a0 [\/vc_column_text][\/vc_column][vc_column width=\u00a0\u00bb1\/2&Prime;][vc_single_image image=\u00a0\u00bb14919&Prime; img_size=\u00a0\u00bblarge\u00a0\u00bb alignment=\u00a0\u00bbcenter\u00a0\u00bb onclick=\u00a0\u00bblink_image\u00a0\u00bb][vc_column_text] Le syst\u00e8me raccord\u00e9 au r\u00e9seau vente totale \u00a0&hellip;\" \/>\n<meta property=\"og:url\" content=\"https:\/\/ausolen.fr\/fr\/les-differents-branchements\/\" \/>\n<meta property=\"og:site_name\" content=\"Ausolen\" \/>\n<meta property=\"article:modified_time\" content=\"2016-01-26T16:24:31+00:00\" \/>\n<meta name=\"twitter:card\" content=\"summary_large_image\" \/>\n<meta name=\"twitter:label1\" content=\"Dur\u00e9e de lecture estim\u00e9e\" \/>\n\t<meta name=\"twitter:data1\" content=\"1 minute\" \/>\n<script type=\"application\/ld+json\" class=\"yoast-schema-graph\">{\"@context\":\"https:\/\/schema.org\",\"@graph\":[{\"@type\":\"WebPage\",\"@id\":\"https:\/\/ausolen.fr\/fr\/les-differents-branchements\/\",\"url\":\"https:\/\/ausolen.fr\/fr\/les-differents-branchements\/\",\"name\":\"Les diff\u00e9rents branchements - Ausolen\",\"isPartOf\":{\"@id\":\"https:\/\/ausolen.fr\/fr\/#website\"},\"datePublished\":\"2016-01-26T16:11:21+00:00\",\"dateModified\":\"2016-01-26T16:24:31+00:00\",\"breadcrumb\":{\"@id\":\"https:\/\/ausolen.fr\/fr\/les-differents-branchements\/#breadcrumb\"},\"inLanguage\":\"fr-FR\",\"potentialAction\":[{\"@type\":\"ReadAction\",\"target\":[\"https:\/\/ausolen.fr\/fr\/les-differents-branchements\/\"]}]},{\"@type\":\"BreadcrumbList\",\"@id\":\"https:\/\/ausolen.fr\/fr\/les-differents-branchements\/#breadcrumb\",\"itemListElement\":[{\"@type\":\"ListItem\",\"position\":1,\"name\":\"Accueil\",\"item\":\"https:\/\/ausolen.fr\/fr\/\"},{\"@type\":\"ListItem\",\"position\":2,\"name\":\"Les diff\u00e9rents branchements\"}]},{\"@type\":\"WebSite\",\"@id\":\"https:\/\/ausolen.fr\/fr\/#website\",\"url\":\"https:\/\/ausolen.fr\/fr\/\",\"name\":\"Ausolen\",\"description\":\"Installateur de panneaux solaire photovolta\u00efques\",\"potentialAction\":[{\"@type\":\"SearchAction\",\"target\":{\"@type\":\"EntryPoint\",\"urlTemplate\":\"https:\/\/ausolen.fr\/fr\/?s={search_term_string}\"},\"query-input\":{\"@type\":\"PropertyValueSpecification\",\"valueRequired\":true,\"valueName\":\"search_term_string\"}}],\"inLanguage\":\"fr-FR\"}]}<\/script>\n<!-- \/ Yoast SEO plugin. -->","yoast_head_json":{"title":"Les diff\u00e9rents branchements - Ausolen","robots":{"index":"index","follow":"follow","max-snippet":"max-snippet:-1","max-image-preview":"max-image-preview:large","max-video-preview":"max-video-preview:-1"},"canonical":"https:\/\/ausolen.fr\/fr\/les-differents-branchements\/","og_locale":"fr_FR","og_type":"article","og_title":"Les diff\u00e9rents branchements - Ausolen","og_description":"[vc_row][vc_column width=\u00a0\u00bb1\/2&Prime;][vc_single_image image=\u00a0\u00bb14916&Prime; img_size=\u00a0\u00bblarge\u00a0\u00bb alignment=\u00a0\u00bbcenter\u00a0\u00bb onclick=\u00a0\u00bblink_image\u00a0\u00bb][vc_column_text] Le site isol\u00e9 avec syst\u00e8me autonome par batteries [\/vc_column_text][\/vc_column][vc_column width=\u00a0\u00bb1\/2&Prime;][vc_single_image image=\u00a0\u00bb14917&Prime; img_size=\u00a0\u00bblarge\u00a0\u00bb alignment=\u00a0\u00bbcenter\u00a0\u00bb onclick=\u00a0\u00bblink_image\u00a0\u00bb][vc_column_text] Le site isol\u00e9 avec syst\u00e8me hybride \u00a0 [\/vc_column_text][\/vc_column][\/vc_row][vc_row][vc_column width=\u00a0\u00bb1\/2&Prime;][vc_single_image image=\u00a0\u00bb14918&Prime; img_size=\u00a0\u00bblarge\u00a0\u00bb alignment=\u00a0\u00bbcenter\u00a0\u00bb onclick=\u00a0\u00bblink_image\u00a0\u00bb][vc_column_text] Le syst\u00e8me raccord\u00e9 au r\u00e9seau vente partielle \u00a0 [\/vc_column_text][\/vc_column][vc_column width=\u00a0\u00bb1\/2&Prime;][vc_single_image image=\u00a0\u00bb14919&Prime; img_size=\u00a0\u00bblarge\u00a0\u00bb alignment=\u00a0\u00bbcenter\u00a0\u00bb onclick=\u00a0\u00bblink_image\u00a0\u00bb][vc_column_text] Le syst\u00e8me raccord\u00e9 au r\u00e9seau vente totale \u00a0&hellip;","og_url":"https:\/\/ausolen.fr\/fr\/les-differents-branchements\/","og_site_name":"Ausolen","article_modified_time":"2016-01-26T16:24:31+00:00","twitter_card":"summary_large_image","twitter_misc":{"Dur\u00e9e de lecture estim\u00e9e":"1 minute"},"schema":{"@context":"https:\/\/schema.org","@graph":[{"@type":"WebPage","@id":"https:\/\/ausolen.fr\/fr\/les-differents-branchements\/","url":"https:\/\/ausolen.fr\/fr\/les-differents-branchements\/","name":"Les diff\u00e9rents branchements - Ausolen","isPartOf":{"@id":"https:\/\/ausolen.fr\/fr\/#website"},"datePublished":"2016-01-26T16:11:21+00:00","dateModified":"2016-01-26T16:24:31+00:00","breadcrumb":{"@id":"https:\/\/ausolen.fr\/fr\/les-differents-branchements\/#breadcrumb"},"inLanguage":"fr-FR","potentialAction":[{"@type":"ReadAction","target":["https:\/\/ausolen.fr\/fr\/les-differents-branchements\/"]}]},{"@type":"BreadcrumbList","@id":"https:\/\/ausolen.fr\/fr\/les-differents-branchements\/#breadcrumb","itemListElement":[{"@type":"ListItem","position":1,"name":"Accueil","item":"https:\/\/ausolen.fr\/fr\/"},{"@type":"ListItem","position":2,"name":"Les diff\u00e9rents branchements"}]},{"@type":"WebSite","@id":"https:\/\/ausolen.fr\/fr\/#website","url":"https:\/\/ausolen.fr\/fr\/","name":"Ausolen","description":"Installateur de panneaux solaire photovolta\u00efques","potentialAction":[{"@type":"SearchAction","target":{"@type":"EntryPoint","urlTemplate":"https:\/\/ausolen.fr\/fr\/?s={search_term_string}"},"query-input":{"@type":"PropertyValueSpecification","valueRequired":true,"valueName":"search_term_string"}}],"inLanguage":"fr-FR"}]}},"_links":{"self":[{"href":"https:\/\/ausolen.fr\/fr\/wp-json\/wp\/v2\/pages\/14915","targetHints":{"allow":["GET"]}}],"collection":[{"href":"https:\/\/ausolen.fr\/fr\/wp-json\/wp\/v2\/pages"}],"about":[{"href":"https:\/\/ausolen.fr\/fr\/wp-json\/wp\/v2\/types\/page"}],"author":[{"embeddable":true,"href":"https:\/\/ausolen.fr\/fr\/wp-json\/wp\/v2\/users\/1"}],"replies":[{"embeddable":true,"href":"https:\/\/ausolen.fr\/fr\/wp-json\/wp\/v2\/comments?post=14915"}],"version-history":[{"count":8,"href":"https:\/\/ausolen.fr\/fr\/wp-json\/wp\/v2\/pages\/14915\/revisions"}],"predecessor-version":[{"id":14929,"href":"https:\/\/ausolen.fr\/fr\/wp-json\/wp\/v2\/pages\/14915\/revisions\/14929"}],"wp:attachment":[{"href":"https:\/\/ausolen.fr\/fr\/wp-json\/wp\/v2\/media?parent=14915"}],"curies":[{"name":"wp","href":"https:\/\/api.w.org\/{rel}","templated":true}]}}