{"id":14930,"date":"2016-01-26T17:27:11","date_gmt":"2016-01-26T16:27:11","guid":{"rendered":"http:\/\/ausolen.fr\/fr\/?page_id=14930"},"modified":"2024-03-26T18:04:57","modified_gmt":"2024-03-26T17:04:57","slug":"notre-offre-de-services","status":"publish","type":"page","link":"https:\/\/ausolen.fr\/fr\/notre-offre-de-services\/","title":{"rendered":"Notre offre de services"},"content":{"rendered":"<ul>\n<li>Pr\u00e9-\u00e9tude sur site : mesure, orientation, relev\u00e9 de masque pour les ombrages.<\/li>\n<li>Etude de dimensionnement.<\/li>\n<li>Gestion compl\u00e8te du dossier administratif (d\u00e9claration pr\u00e9alable de travaux en mairie, d\u00e9claration pr\u00e9alable de l&rsquo;autorisation d&rsquo;exploiter une installation photovolta\u00efque, demande de raccordement \u00e0 ERDF, demande de contrat d&rsquo;achat aupr\u00e8s de EDF-AOA).<\/li>\n<li>La fourniture et la pose de votre installation.<\/li>\n<li>La maintenance et le suivi de votre installation.<\/li>\n<\/ul>\n<p><img loading=\"lazy\" decoding=\"async\" class=\"wp-image-14931 size-full aligncenter\" src=\"https:\/\/ausolen.fr\/fr\/wp-content\/uploads\/2016\/01\/service.jpg\" alt=\"service\" width=\"700\" height=\"480\" srcset=\"https:\/\/ausolen.fr\/fr\/wp-content\/uploads\/2016\/01\/service.jpg 700w, https:\/\/ausolen.fr\/fr\/wp-content\/uploads\/2016\/01\/service-300x206.jpg 300w\" sizes=\"auto, (max-width: 700px) 100vw, 700px\" \/><\/p>\n","protected":false},"excerpt":{"rendered":"<p>Pr\u00e9-\u00e9tude sur site : mesure, orientation, relev\u00e9 de masque pour les ombrages. Etude de dimensionnement. Gestion compl\u00e8te du dossier administratif (d\u00e9claration pr\u00e9alable de travaux en mairie, d\u00e9claration pr\u00e9alable de l&rsquo;autorisation d&rsquo;exploiter une installation photovolta\u00efque, demande de raccordement \u00e0 ERDF, demande de contrat d&rsquo;achat aupr\u00e8s de EDF-AOA). La fourniture et la pose de votre installation. La&hellip;<\/p>\n","protected":false},"author":1,"featured_media":0,"parent":0,"menu_order":0,"comment_status":"closed","ping_status":"closed","template":"","meta":{"footnotes":""},"class_list":["post-14930","page","type-page","status-publish","hentry","description-off"],"yoast_head":"<!-- This site is optimized with the Yoast SEO plugin v24.3 - https:\/\/yoast.com\/wordpress\/plugins\/seo\/ -->\n<title>Notre offre de services - Ausolen<\/title>\n<meta name=\"robots\" content=\"index, follow, max-snippet:-1, max-image-preview:large, max-video-preview:-1\" \/>\n<link rel=\"canonical\" href=\"https:\/\/ausolen.fr\/fr\/notre-offre-de-services\/\" \/>\n<meta property=\"og:locale\" content=\"fr_FR\" \/>\n<meta property=\"og:type\" content=\"article\" \/>\n<meta property=\"og:title\" content=\"Notre offre de services - Ausolen\" \/>\n<meta property=\"og:description\" content=\"Pr\u00e9-\u00e9tude sur site : mesure, orientation, relev\u00e9 de masque pour les ombrages. Etude de dimensionnement. Gestion compl\u00e8te du dossier administratif (d\u00e9claration pr\u00e9alable de travaux en mairie, d\u00e9claration pr\u00e9alable de l&rsquo;autorisation d&rsquo;exploiter une installation photovolta\u00efque, demande de raccordement \u00e0 ERDF, demande de contrat d&rsquo;achat aupr\u00e8s de EDF-AOA). La fourniture et la pose de votre installation. La&hellip;\" \/>\n<meta property=\"og:url\" content=\"https:\/\/ausolen.fr\/fr\/notre-offre-de-services\/\" \/>\n<meta property=\"og:site_name\" content=\"Ausolen\" \/>\n<meta property=\"article:modified_time\" content=\"2024-03-26T17:04:57+00:00\" \/>\n<meta property=\"og:image\" content=\"http:\/\/ausolen.fr\/fr\/wp-content\/uploads\/2016\/01\/service.jpg\" \/>\n<meta name=\"twitter:card\" content=\"summary_large_image\" \/>\n<meta name=\"twitter:label1\" content=\"Dur\u00e9e de lecture estim\u00e9e\" \/>\n\t<meta name=\"twitter:data1\" content=\"1 minute\" \/>\n<script type=\"application\/ld+json\" class=\"yoast-schema-graph\">{\"@context\":\"https:\/\/schema.org\",\"@graph\":[{\"@type\":\"WebPage\",\"@id\":\"https:\/\/ausolen.fr\/fr\/notre-offre-de-services\/\",\"url\":\"https:\/\/ausolen.fr\/fr\/notre-offre-de-services\/\",\"name\":\"Notre offre de services - Ausolen\",\"isPartOf\":{\"@id\":\"https:\/\/ausolen.fr\/fr\/#website\"},\"primaryImageOfPage\":{\"@id\":\"https:\/\/ausolen.fr\/fr\/notre-offre-de-services\/#primaryimage\"},\"image\":{\"@id\":\"https:\/\/ausolen.fr\/fr\/notre-offre-de-services\/#primaryimage\"},\"thumbnailUrl\":\"http:\/\/ausolen.fr\/fr\/wp-content\/uploads\/2016\/01\/service.jpg\",\"datePublished\":\"2016-01-26T16:27:11+00:00\",\"dateModified\":\"2024-03-26T17:04:57+00:00\",\"breadcrumb\":{\"@id\":\"https:\/\/ausolen.fr\/fr\/notre-offre-de-services\/#breadcrumb\"},\"inLanguage\":\"fr-FR\",\"potentialAction\":[{\"@type\":\"ReadAction\",\"target\":[\"https:\/\/ausolen.fr\/fr\/notre-offre-de-services\/\"]}]},{\"@type\":\"ImageObject\",\"inLanguage\":\"fr-FR\",\"@id\":\"https:\/\/ausolen.fr\/fr\/notre-offre-de-services\/#primaryimage\",\"url\":\"http:\/\/ausolen.fr\/fr\/wp-content\/uploads\/2016\/01\/service.jpg\",\"contentUrl\":\"http:\/\/ausolen.fr\/fr\/wp-content\/uploads\/2016\/01\/service.jpg\"},{\"@type\":\"BreadcrumbList\",\"@id\":\"https:\/\/ausolen.fr\/fr\/notre-offre-de-services\/#breadcrumb\",\"itemListElement\":[{\"@type\":\"ListItem\",\"position\":1,\"name\":\"Accueil\",\"item\":\"https:\/\/ausolen.fr\/fr\/\"},{\"@type\":\"ListItem\",\"position\":2,\"name\":\"Notre offre de services\"}]},{\"@type\":\"WebSite\",\"@id\":\"https:\/\/ausolen.fr\/fr\/#website\",\"url\":\"https:\/\/ausolen.fr\/fr\/\",\"name\":\"Ausolen\",\"description\":\"Installateur de panneaux solaire photovolta\u00efques\",\"potentialAction\":[{\"@type\":\"SearchAction\",\"target\":{\"@type\":\"EntryPoint\",\"urlTemplate\":\"https:\/\/ausolen.fr\/fr\/?s={search_term_string}\"},\"query-input\":{\"@type\":\"PropertyValueSpecification\",\"valueRequired\":true,\"valueName\":\"search_term_string\"}}],\"inLanguage\":\"fr-FR\"}]}<\/script>\n<!-- \/ Yoast SEO plugin. -->","yoast_head_json":{"title":"Notre offre de services - Ausolen","robots":{"index":"index","follow":"follow","max-snippet":"max-snippet:-1","max-image-preview":"max-image-preview:large","max-video-preview":"max-video-preview:-1"},"canonical":"https:\/\/ausolen.fr\/fr\/notre-offre-de-services\/","og_locale":"fr_FR","og_type":"article","og_title":"Notre offre de services - Ausolen","og_description":"Pr\u00e9-\u00e9tude sur site : mesure, orientation, relev\u00e9 de masque pour les ombrages. Etude de dimensionnement. Gestion compl\u00e8te du dossier administratif (d\u00e9claration pr\u00e9alable de travaux en mairie, d\u00e9claration pr\u00e9alable de l&rsquo;autorisation d&rsquo;exploiter une installation photovolta\u00efque, demande de raccordement \u00e0 ERDF, demande de contrat d&rsquo;achat aupr\u00e8s de EDF-AOA). La fourniture et la pose de votre installation. La&hellip;","og_url":"https:\/\/ausolen.fr\/fr\/notre-offre-de-services\/","og_site_name":"Ausolen","article_modified_time":"2024-03-26T17:04:57+00:00","og_image":[{"url":"http:\/\/ausolen.fr\/fr\/wp-content\/uploads\/2016\/01\/service.jpg","type":"","width":"","height":""}],"twitter_card":"summary_large_image","twitter_misc":{"Dur\u00e9e de lecture estim\u00e9e":"1 minute"},"schema":{"@context":"https:\/\/schema.org","@graph":[{"@type":"WebPage","@id":"https:\/\/ausolen.fr\/fr\/notre-offre-de-services\/","url":"https:\/\/ausolen.fr\/fr\/notre-offre-de-services\/","name":"Notre offre de services - Ausolen","isPartOf":{"@id":"https:\/\/ausolen.fr\/fr\/#website"},"primaryImageOfPage":{"@id":"https:\/\/ausolen.fr\/fr\/notre-offre-de-services\/#primaryimage"},"image":{"@id":"https:\/\/ausolen.fr\/fr\/notre-offre-de-services\/#primaryimage"},"thumbnailUrl":"http:\/\/ausolen.fr\/fr\/wp-content\/uploads\/2016\/01\/service.jpg","datePublished":"2016-01-26T16:27:11+00:00","dateModified":"2024-03-26T17:04:57+00:00","breadcrumb":{"@id":"https:\/\/ausolen.fr\/fr\/notre-offre-de-services\/#breadcrumb"},"inLanguage":"fr-FR","potentialAction":[{"@type":"ReadAction","target":["https:\/\/ausolen.fr\/fr\/notre-offre-de-services\/"]}]},{"@type":"ImageObject","inLanguage":"fr-FR","@id":"https:\/\/ausolen.fr\/fr\/notre-offre-de-services\/#primaryimage","url":"http:\/\/ausolen.fr\/fr\/wp-content\/uploads\/2016\/01\/service.jpg","contentUrl":"http:\/\/ausolen.fr\/fr\/wp-content\/uploads\/2016\/01\/service.jpg"},{"@type":"BreadcrumbList","@id":"https:\/\/ausolen.fr\/fr\/notre-offre-de-services\/#breadcrumb","itemListElement":[{"@type":"ListItem","position":1,"name":"Accueil","item":"https:\/\/ausolen.fr\/fr\/"},{"@type":"ListItem","position":2,"name":"Notre offre de services"}]},{"@type":"WebSite","@id":"https:\/\/ausolen.fr\/fr\/#website","url":"https:\/\/ausolen.fr\/fr\/","name":"Ausolen","description":"Installateur de panneaux solaire photovolta\u00efques","potentialAction":[{"@type":"SearchAction","target":{"@type":"EntryPoint","urlTemplate":"https:\/\/ausolen.fr\/fr\/?s={search_term_string}"},"query-input":{"@type":"PropertyValueSpecification","valueRequired":true,"valueName":"search_term_string"}}],"inLanguage":"fr-FR"}]}},"_links":{"self":[{"href":"https:\/\/ausolen.fr\/fr\/wp-json\/wp\/v2\/pages\/14930","targetHints":{"allow":["GET"]}}],"collection":[{"href":"https:\/\/ausolen.fr\/fr\/wp-json\/wp\/v2\/pages"}],"about":[{"href":"https:\/\/ausolen.fr\/fr\/wp-json\/wp\/v2\/types\/page"}],"author":[{"embeddable":true,"href":"https:\/\/ausolen.fr\/fr\/wp-json\/wp\/v2\/users\/1"}],"replies":[{"embeddable":true,"href":"https:\/\/ausolen.fr\/fr\/wp-json\/wp\/v2\/comments?post=14930"}],"version-history":[{"count":1,"href":"https:\/\/ausolen.fr\/fr\/wp-json\/wp\/v2\/pages\/14930\/revisions"}],"predecessor-version":[{"id":14932,"href":"https:\/\/ausolen.fr\/fr\/wp-json\/wp\/v2\/pages\/14930\/revisions\/14932"}],"wp:attachment":[{"href":"https:\/\/ausolen.fr\/fr\/wp-json\/wp\/v2\/media?parent=14930"}],"curies":[{"name":"wp","href":"https:\/\/api.w.org\/{rel}","templated":true}]}}