{"id":15005,"date":"2016-01-26T20:28:53","date_gmt":"2016-01-26T19:28:53","guid":{"rendered":"http:\/\/ausolen.fr\/fr\/?page_id=15005"},"modified":"2016-01-26T20:36:04","modified_gmt":"2016-01-26T19:36:04","slug":"mon-installation-pas-a-pas","status":"publish","type":"page","link":"https:\/\/ausolen.fr\/fr\/mon-installation-pas-a-pas\/","title":{"rendered":"Mon installation pas \u00e0 pas"},"content":{"rendered":"<div class=\"wpb-content-wrapper\"><p>[vc_row][vc_column][vc_column_text]<\/p>\n<h2>Sollicitation client pour un projet<\/h2>\n<p>D\u00e9placement sur site.<\/p>\n<ul>\n<li>Ecoute du projet et des attentes du client.<\/li>\n<li>Prises de mesures sur le toit\u00a0: inclinaison, place disponible.<\/li>\n<li>Relev\u00e9 de masque.<\/li>\n<li>Collecte des informations sur la partie \u00e9lectrique et le branchement au r\u00e9seau.<\/li>\n<li>Photos en pr\u00e9vision du dossier Mairie et du dossier ERDF.<\/li>\n<\/ul>\n<p>Remise de l&rsquo;\u00e9tude de productible, de l&rsquo;analyse de rentabilit\u00e9, du devis et de la documentation du mat\u00e9riel s\u00e9lectionn\u00e9.[\/vc_column_text][vc_empty_space][\/vc_column][\/vc_row][vc_row][vc_column][vc_column_text]<\/p>\n<h2>Signature du devis<\/h2>\n<ul>\n<li>D\u00e9p\u00f4t de la d\u00e9claration pr\u00e9alable de travaux en Mairie =&gt; d\u00e9lai de r\u00e9ponse 5 semaines.<br \/>\nou du permis de construire =&gt; d\u00e9lai de r\u00e9ponse 3 mois.<br \/>\nD\u00e9p\u00f4t de la demande de raccordement aupr\u00e8s d&rsquo;ERDF =&gt; d\u00e9lai de r\u00e9ponse 5 semaines ou 2 mois pour les cas plus complexes.<\/li>\n<li>A r\u00e9ception de la proposition de raccordement et validation par le client, ainsi qu&rsquo; \u00e0 r\u00e9ception de l&rsquo;accord de la Mairie =&gt; commande du mat\u00e9riel et planification du chantier.<\/li>\n<li>R\u00e9alisation du chantier.<\/li>\n<li>Dossier Consuel pour l&rsquo;obtention de l&rsquo;attestation Consuel =&gt; d\u00e9lai de r\u00e9ponse sous 10 jours.<\/li>\n<li>Programmation d&rsquo;une visite par le Consuel ou d\u00e9livrance directe du visa Consuel.<\/li>\n<li>Demande de mise en service de l&rsquo;installation aupr\u00e8s d&rsquo;ERDF =&gt; d\u00e9lai de r\u00e9ponse sous 15 jours.<\/li>\n<li>Mise en service par ERDF. La production commence.<\/li>\n<li>R\u00e9ception du contrat d&rsquo;EDF Obligation d&rsquo;Achat dans un d\u00e9lai de 6 mois \u00e0 compter de la date de mise en service.<\/li>\n<li>A la fin de la premi\u00e8re ann\u00e9e de production, \u00e0 la date anniversaire de la mise en service, premi\u00e8re facturation de la production aupr\u00e8s d&rsquo;EDF OA.<\/li>\n<\/ul>\n<p>[\/vc_column_text][\/vc_column][\/vc_row]<\/p>\n<\/div>","protected":false},"excerpt":{"rendered":"<p>[vc_row][vc_column][vc_column_text] Sollicitation client pour un projet D\u00e9placement sur site. Ecoute du projet et des attentes du client. Prises de mesures sur le toit\u00a0: inclinaison, place disponible. Relev\u00e9 de masque. Collecte des informations sur la partie \u00e9lectrique et le branchement au r\u00e9seau. Photos en pr\u00e9vision du dossier Mairie et du dossier ERDF. Remise de l&rsquo;\u00e9tude de&hellip;<\/p>\n","protected":false},"author":1,"featured_media":0,"parent":0,"menu_order":0,"comment_status":"closed","ping_status":"closed","template":"","meta":{"footnotes":""},"class_list":["post-15005","page","type-page","status-publish","hentry","description-off"],"yoast_head":"<!-- This site is optimized with the Yoast SEO plugin v24.3 - https:\/\/yoast.com\/wordpress\/plugins\/seo\/ -->\n<title>Mon installation pas \u00e0 pas - Ausolen<\/title>\n<meta name=\"robots\" content=\"index, follow, max-snippet:-1, max-image-preview:large, max-video-preview:-1\" \/>\n<link rel=\"canonical\" href=\"https:\/\/ausolen.fr\/fr\/mon-installation-pas-a-pas\/\" \/>\n<meta property=\"og:locale\" content=\"fr_FR\" \/>\n<meta property=\"og:type\" content=\"article\" \/>\n<meta property=\"og:title\" content=\"Mon installation pas \u00e0 pas - Ausolen\" \/>\n<meta property=\"og:description\" content=\"[vc_row][vc_column][vc_column_text] Sollicitation client pour un projet D\u00e9placement sur site. Ecoute du projet et des attentes du client. Prises de mesures sur le toit\u00a0: inclinaison, place disponible. Relev\u00e9 de masque. Collecte des informations sur la partie \u00e9lectrique et le branchement au r\u00e9seau. Photos en pr\u00e9vision du dossier Mairie et du dossier ERDF. Remise de l&rsquo;\u00e9tude de&hellip;\" \/>\n<meta property=\"og:url\" content=\"https:\/\/ausolen.fr\/fr\/mon-installation-pas-a-pas\/\" \/>\n<meta property=\"og:site_name\" content=\"Ausolen\" \/>\n<meta property=\"article:modified_time\" content=\"2016-01-26T19:36:04+00:00\" \/>\n<meta name=\"twitter:card\" content=\"summary_large_image\" \/>\n<meta name=\"twitter:label1\" content=\"Dur\u00e9e de lecture estim\u00e9e\" \/>\n\t<meta name=\"twitter:data1\" content=\"2 minutes\" \/>\n<script type=\"application\/ld+json\" class=\"yoast-schema-graph\">{\"@context\":\"https:\/\/schema.org\",\"@graph\":[{\"@type\":\"WebPage\",\"@id\":\"https:\/\/ausolen.fr\/fr\/mon-installation-pas-a-pas\/\",\"url\":\"https:\/\/ausolen.fr\/fr\/mon-installation-pas-a-pas\/\",\"name\":\"Mon installation pas \u00e0 pas - Ausolen\",\"isPartOf\":{\"@id\":\"https:\/\/ausolen.fr\/fr\/#website\"},\"datePublished\":\"2016-01-26T19:28:53+00:00\",\"dateModified\":\"2016-01-26T19:36:04+00:00\",\"breadcrumb\":{\"@id\":\"https:\/\/ausolen.fr\/fr\/mon-installation-pas-a-pas\/#breadcrumb\"},\"inLanguage\":\"fr-FR\",\"potentialAction\":[{\"@type\":\"ReadAction\",\"target\":[\"https:\/\/ausolen.fr\/fr\/mon-installation-pas-a-pas\/\"]}]},{\"@type\":\"BreadcrumbList\",\"@id\":\"https:\/\/ausolen.fr\/fr\/mon-installation-pas-a-pas\/#breadcrumb\",\"itemListElement\":[{\"@type\":\"ListItem\",\"position\":1,\"name\":\"Accueil\",\"item\":\"https:\/\/ausolen.fr\/fr\/\"},{\"@type\":\"ListItem\",\"position\":2,\"name\":\"Mon installation pas \u00e0 pas\"}]},{\"@type\":\"WebSite\",\"@id\":\"https:\/\/ausolen.fr\/fr\/#website\",\"url\":\"https:\/\/ausolen.fr\/fr\/\",\"name\":\"Ausolen\",\"description\":\"Installateur de panneaux solaire photovolta\u00efques\",\"potentialAction\":[{\"@type\":\"SearchAction\",\"target\":{\"@type\":\"EntryPoint\",\"urlTemplate\":\"https:\/\/ausolen.fr\/fr\/?s={search_term_string}\"},\"query-input\":{\"@type\":\"PropertyValueSpecification\",\"valueRequired\":true,\"valueName\":\"search_term_string\"}}],\"inLanguage\":\"fr-FR\"}]}<\/script>\n<!-- \/ Yoast SEO plugin. -->","yoast_head_json":{"title":"Mon installation pas \u00e0 pas - Ausolen","robots":{"index":"index","follow":"follow","max-snippet":"max-snippet:-1","max-image-preview":"max-image-preview:large","max-video-preview":"max-video-preview:-1"},"canonical":"https:\/\/ausolen.fr\/fr\/mon-installation-pas-a-pas\/","og_locale":"fr_FR","og_type":"article","og_title":"Mon installation pas \u00e0 pas - Ausolen","og_description":"[vc_row][vc_column][vc_column_text] Sollicitation client pour un projet D\u00e9placement sur site. Ecoute du projet et des attentes du client. Prises de mesures sur le toit\u00a0: inclinaison, place disponible. Relev\u00e9 de masque. Collecte des informations sur la partie \u00e9lectrique et le branchement au r\u00e9seau. Photos en pr\u00e9vision du dossier Mairie et du dossier ERDF. Remise de l&rsquo;\u00e9tude de&hellip;","og_url":"https:\/\/ausolen.fr\/fr\/mon-installation-pas-a-pas\/","og_site_name":"Ausolen","article_modified_time":"2016-01-26T19:36:04+00:00","twitter_card":"summary_large_image","twitter_misc":{"Dur\u00e9e de lecture estim\u00e9e":"2 minutes"},"schema":{"@context":"https:\/\/schema.org","@graph":[{"@type":"WebPage","@id":"https:\/\/ausolen.fr\/fr\/mon-installation-pas-a-pas\/","url":"https:\/\/ausolen.fr\/fr\/mon-installation-pas-a-pas\/","name":"Mon installation pas \u00e0 pas - Ausolen","isPartOf":{"@id":"https:\/\/ausolen.fr\/fr\/#website"},"datePublished":"2016-01-26T19:28:53+00:00","dateModified":"2016-01-26T19:36:04+00:00","breadcrumb":{"@id":"https:\/\/ausolen.fr\/fr\/mon-installation-pas-a-pas\/#breadcrumb"},"inLanguage":"fr-FR","potentialAction":[{"@type":"ReadAction","target":["https:\/\/ausolen.fr\/fr\/mon-installation-pas-a-pas\/"]}]},{"@type":"BreadcrumbList","@id":"https:\/\/ausolen.fr\/fr\/mon-installation-pas-a-pas\/#breadcrumb","itemListElement":[{"@type":"ListItem","position":1,"name":"Accueil","item":"https:\/\/ausolen.fr\/fr\/"},{"@type":"ListItem","position":2,"name":"Mon installation pas \u00e0 pas"}]},{"@type":"WebSite","@id":"https:\/\/ausolen.fr\/fr\/#website","url":"https:\/\/ausolen.fr\/fr\/","name":"Ausolen","description":"Installateur de panneaux solaire photovolta\u00efques","potentialAction":[{"@type":"SearchAction","target":{"@type":"EntryPoint","urlTemplate":"https:\/\/ausolen.fr\/fr\/?s={search_term_string}"},"query-input":{"@type":"PropertyValueSpecification","valueRequired":true,"valueName":"search_term_string"}}],"inLanguage":"fr-FR"}]}},"_links":{"self":[{"href":"https:\/\/ausolen.fr\/fr\/wp-json\/wp\/v2\/pages\/15005","targetHints":{"allow":["GET"]}}],"collection":[{"href":"https:\/\/ausolen.fr\/fr\/wp-json\/wp\/v2\/pages"}],"about":[{"href":"https:\/\/ausolen.fr\/fr\/wp-json\/wp\/v2\/types\/page"}],"author":[{"embeddable":true,"href":"https:\/\/ausolen.fr\/fr\/wp-json\/wp\/v2\/users\/1"}],"replies":[{"embeddable":true,"href":"https:\/\/ausolen.fr\/fr\/wp-json\/wp\/v2\/comments?post=15005"}],"version-history":[{"count":5,"href":"https:\/\/ausolen.fr\/fr\/wp-json\/wp\/v2\/pages\/15005\/revisions"}],"predecessor-version":[{"id":15011,"href":"https:\/\/ausolen.fr\/fr\/wp-json\/wp\/v2\/pages\/15005\/revisions\/15011"}],"wp:attachment":[{"href":"https:\/\/ausolen.fr\/fr\/wp-json\/wp\/v2\/media?parent=15005"}],"curies":[{"name":"wp","href":"https:\/\/api.w.org\/{rel}","templated":true}]}}