{"id":15018,"date":"2016-01-26T20:55:54","date_gmt":"2016-01-26T19:55:54","guid":{"rendered":"http:\/\/ausolen.fr\/fr\/?page_id=15018"},"modified":"2024-03-26T15:30:46","modified_gmt":"2024-03-26T14:30:46","slug":"faq","status":"publish","type":"page","link":"https:\/\/ausolen.fr\/fr\/faq\/","title":{"rendered":"FAQ"},"content":{"rendered":"<div class=\"wpb-content-wrapper\"><p>[vc_row][vc_column][vc_column_text]Le photovolta\u00efque offre beaucoup plus d&rsquo;avantages que d&rsquo;inconv\u00e9nients. Le soleil et le rayonnement lumineux sont une source enti\u00e8rement gratuite, renouvelable et quasiment in\u00e9puisable.<br \/>\nL&rsquo;inconv\u00e9nient majeur est li\u00e9 \u00e0 l&rsquo;\u00e9lectricit\u00e9 elle-m\u00eame. Celle-ci est difficilement stockable. Il est donc plus int\u00e9ressant de r\u00e9injecter \u00e0 l&rsquo;instant t la production sur le r\u00e9seau lorsqu&rsquo;il existe, ou de l&rsquo;utiliser \u00a0\u00bb au fil du soleil \u00a0\u00bb car son stockage n\u00e9cessite des batteries (technologie encore polluante pour l&rsquo;instant en attendant de nouvelles avanc\u00e9es technologiques, telles que les batteries lithium).[\/vc_column_text][vc_tta_accordion][vc_tta_section title=\u00a0\u00bbLa fabrication d&rsquo;un module photovolta\u00efque utilise de l&rsquo;\u00e9nergie.\u00a0\u00bb tab_id=\u00a0\u00bb1453837798365-294401e6-e954&Prime;][vc_column_text]En 2 \u00e0 5 ans un module photovolta\u00efque produit l&rsquo;\u00e9quivalent de l&rsquo;\u00e9nergie utilis\u00e9e pour sa fabrication. Ensuite la dur\u00e9e de vie est de 25 \u00e0 30 ans.[\/vc_column_text][\/vc_tta_section][vc_tta_section title=\u00a0\u00bbO\u00f9 trouve t-on le silicium ?\u00a0\u00bb tab_id=\u00a0\u00bb1453837798413-e777ac9e-a4f5&Prime;][vc_column_text]La mati\u00e8re premi\u00e8re principale utilis\u00e9e dans la fabrication des cellules PV est le Silicium qui compose 28% de l&rsquo;\u00e9corce terrestre.[\/vc_column_text][\/vc_tta_section][vc_tta_section title=\u00a0\u00bbLe recyclage des modules photovolta\u00efques.\u00a0\u00bb tab_id=\u00a0\u00bb1453838008394-970dcf9f-c1a5&Prime;][vc_column_text]En terme de recyclage la fili\u00e8re est aujourd\u2019hui mature et compl\u00e9tement op\u00e9rationnelle. Sur le principe un module photovolta\u00efque peut \u00eatre recycl\u00e9 \u00e0 100%. R\u00e9cup\u00e9ration du cadre aluminium, du verre et des cellules photovolta\u00efques.[\/vc_column_text][\/vc_tta_section][vc_tta_section title=\u00a0\u00bbQue produit un module photovolta\u00efque ?\u00a0\u00bb tab_id=\u00a0\u00bb1453838034135-60ef7e9b-10ed\u00a0\u00bb][vc_column_text]10 m\u00b2 produisent 1000 kwh par an et \u00e9vite le rejet de 100 Kg de CO2.[\/vc_column_text][\/vc_tta_section][vc_tta_section title=\u00a0\u00bbQu&rsquo;est ce que la conversion photovolta\u00efque ? Comment \u00e7a marche ?\u00a0\u00bb tab_id=\u00a0\u00bb1453838066948-83ce15ab-a9e5&Prime;][vc_column_text]L&rsquo;effet photovolta\u00efque consiste \u00e0 transformer la lumi\u00e8re en \u00e9lectricit\u00e9.<br \/>\nLa lumi\u00e8re est de double nature : c&rsquo;est une onde \u00e9lectromagn\u00e9tique, c&rsquo;est \u00e9galement un faisceau de photons qui sont des grains de lumi\u00e8re charg\u00e9s d&rsquo;\u00e9nergie. Cette \u00e9nergie port\u00e9e par les photons est \u00e0 l&rsquo;origine du ph\u00e9nom\u00e8ne de conversion photovolta\u00efque.<br \/>\nCe principe fut d\u00e9couvert en 1839 par le physicien fran\u00e7ais Alexandre Becquerel. Ce ph\u00e9nom\u00e8ne appara\u00eet lorsqu&rsquo;un mat\u00e9riau semi-conducteur absorbe des photons, \u00e9mis par la lumi\u00e8re et qui lui permettent de produire une tension \u00e9lectrique. Un module photovolta\u00efque est compos\u00e9 de cellules photovolta\u00efques mont\u00e9es en s\u00e9rie ou en parall\u00e8le. Une cellule classique se compose d&rsquo;un semi-conducteur, qui en face avant g\u00e9n\u00e8re des porteurs de charge de type N et en face arri\u00e8re par dopage, g\u00e9n\u00e8re des porteurs de charge de type P. La collecte des ces charges produit du courant \u00e0 leur jonction. C&rsquo;est ainsi que les panneaux solaires photovolta\u00efques sont aussi appel\u00e9s photopiles, du fait qu&rsquo;ils produisent du courant continu.[\/vc_column_text][\/vc_tta_section][vc_tta_section title=\u00a0\u00bbLe saviez-vous ?\u00a0\u00bb tab_id=\u00a0\u00bb1453838097260-08734fa4-fe1e\u00a0\u00bb][vc_column_text]Pour couvrir la totalit\u00e9 des besoins mondiaux en \u00e9lectricit\u00e9, avec le solaire photovolta\u00efque, une surface de 145 000 km\u00b2 serait suffisante, dans les conditions europ\u00e9ennes d&rsquo;ensoleillement. Cette surface correspond \u00e0 un carr\u00e9 de 380 km de c\u00f4t\u00e9.<\/p>\n<p>Les diff\u00e9rents usages du photovolta\u00efque.<\/p>\n<p>On y trouve notamment les syst\u00e8mes autonomes. Ils contribuent \u00e0 l&rsquo;alimentation \u00e9nerg\u00e9tique des petits appareils \u00e9loign\u00e9s du r\u00e9seau. On les utilise dans l&rsquo;a\u00e9ronautique, la navigation pour les balises de positionnement en mer, l&rsquo;\u00e9lectrification des zones rurales dans les pays du sud et les sites isol\u00e9s chez nous, ou bien encore pour des applications dans le pompage de l&rsquo;eau.<br \/>\nA l&rsquo;origine, les premi\u00e8res utilisations li\u00e9es au photovolta\u00efque concernaient les applications spatiales, pour la fourniture d&rsquo;\u00e9lectricit\u00e9 n\u00e9cessaire au fonctionnement des satellites et de leurs mat\u00e9riels de bords. C&rsquo;est donc une technologie \u00e9prouv\u00e9e et fiable.[\/vc_column_text][\/vc_tta_section][vc_tta_section title=\u00a0\u00bbLa Maintenance.\u00a0\u00bb tab_id=\u00a0\u00bb1453838129763-2b772ecd-506f\u00a0\u00bb][vc_column_text]Une installation photovolta\u00efque ne comporte pas de pi\u00e8ces en mouvement. Il y a donc peu de ph\u00e9nom\u00e8ne d&rsquo;usure. Mais ce n&rsquo;est pas une raison pour ne rien faire. Afin de garantir la long\u00e9vit\u00e9 de votre installation, ainsi que son rendement, il faut au minimum :<\/p>\n<ul>\n<li>Faire un suivi mensuel de la production.<\/li>\n<li>Faire une v\u00e9rification annuelle comprenant l&rsquo;inspection visuelle du champ photovolta\u00efque, le nettoyage \u00e9ventuel des modules, la v\u00e9rification du serrage des connexions et autres composantes m\u00e9caniques.<\/li>\n<\/ul>\n<p>[\/vc_column_text][\/vc_tta_section][\/vc_tta_accordion][\/vc_column][\/vc_row]<\/p>\n<\/div>","protected":false},"excerpt":{"rendered":"<p>[vc_row][vc_column][vc_column_text]Le photovolta\u00efque offre beaucoup plus d&rsquo;avantages que d&rsquo;inconv\u00e9nients. Le soleil et le rayonnement lumineux sont une source enti\u00e8rement gratuite, renouvelable et quasiment in\u00e9puisable. L&rsquo;inconv\u00e9nient majeur est li\u00e9 \u00e0 l&rsquo;\u00e9lectricit\u00e9 elle-m\u00eame. Celle-ci est difficilement stockable. Il est donc plus int\u00e9ressant de r\u00e9injecter \u00e0 l&rsquo;instant t la production sur le r\u00e9seau lorsqu&rsquo;il existe, ou de l&rsquo;utiliser \u00a0\u00bb&hellip;<\/p>\n","protected":false},"author":1,"featured_media":0,"parent":0,"menu_order":0,"comment_status":"closed","ping_status":"closed","template":"","meta":{"footnotes":""},"class_list":["post-15018","page","type-page","status-publish","hentry","description-off"],"yoast_head":"<!-- This site is optimized with the Yoast SEO plugin v24.3 - https:\/\/yoast.com\/wordpress\/plugins\/seo\/ -->\n<title>FAQ - Ausolen<\/title>\n<meta name=\"robots\" content=\"index, follow, max-snippet:-1, max-image-preview:large, max-video-preview:-1\" \/>\n<link rel=\"canonical\" href=\"https:\/\/ausolen.fr\/fr\/faq\/\" \/>\n<meta property=\"og:locale\" content=\"fr_FR\" \/>\n<meta property=\"og:type\" content=\"article\" \/>\n<meta property=\"og:title\" content=\"FAQ - Ausolen\" \/>\n<meta property=\"og:description\" content=\"[vc_row][vc_column][vc_column_text]Le photovolta\u00efque offre beaucoup plus d&rsquo;avantages que d&rsquo;inconv\u00e9nients. Le soleil et le rayonnement lumineux sont une source enti\u00e8rement gratuite, renouvelable et quasiment in\u00e9puisable. L&rsquo;inconv\u00e9nient majeur est li\u00e9 \u00e0 l&rsquo;\u00e9lectricit\u00e9 elle-m\u00eame. Celle-ci est difficilement stockable. Il est donc plus int\u00e9ressant de r\u00e9injecter \u00e0 l&rsquo;instant t la production sur le r\u00e9seau lorsqu&rsquo;il existe, ou de l&rsquo;utiliser \u00a0\u00bb&hellip;\" \/>\n<meta property=\"og:url\" content=\"https:\/\/ausolen.fr\/fr\/faq\/\" \/>\n<meta property=\"og:site_name\" content=\"Ausolen\" \/>\n<meta property=\"article:modified_time\" content=\"2024-03-26T14:30:46+00:00\" \/>\n<meta name=\"twitter:card\" content=\"summary_large_image\" \/>\n<meta name=\"twitter:label1\" content=\"Dur\u00e9e de lecture estim\u00e9e\" \/>\n\t<meta name=\"twitter:data1\" content=\"3 minutes\" \/>\n<script type=\"application\/ld+json\" class=\"yoast-schema-graph\">{\"@context\":\"https:\/\/schema.org\",\"@graph\":[{\"@type\":\"WebPage\",\"@id\":\"https:\/\/ausolen.fr\/fr\/faq\/\",\"url\":\"https:\/\/ausolen.fr\/fr\/faq\/\",\"name\":\"FAQ - Ausolen\",\"isPartOf\":{\"@id\":\"https:\/\/ausolen.fr\/fr\/#website\"},\"datePublished\":\"2016-01-26T19:55:54+00:00\",\"dateModified\":\"2024-03-26T14:30:46+00:00\",\"breadcrumb\":{\"@id\":\"https:\/\/ausolen.fr\/fr\/faq\/#breadcrumb\"},\"inLanguage\":\"fr-FR\",\"potentialAction\":[{\"@type\":\"ReadAction\",\"target\":[\"https:\/\/ausolen.fr\/fr\/faq\/\"]}]},{\"@type\":\"BreadcrumbList\",\"@id\":\"https:\/\/ausolen.fr\/fr\/faq\/#breadcrumb\",\"itemListElement\":[{\"@type\":\"ListItem\",\"position\":1,\"name\":\"Accueil\",\"item\":\"https:\/\/ausolen.fr\/fr\/\"},{\"@type\":\"ListItem\",\"position\":2,\"name\":\"FAQ\"}]},{\"@type\":\"WebSite\",\"@id\":\"https:\/\/ausolen.fr\/fr\/#website\",\"url\":\"https:\/\/ausolen.fr\/fr\/\",\"name\":\"Ausolen\",\"description\":\"Installateur de panneaux solaire photovolta\u00efques\",\"potentialAction\":[{\"@type\":\"SearchAction\",\"target\":{\"@type\":\"EntryPoint\",\"urlTemplate\":\"https:\/\/ausolen.fr\/fr\/?s={search_term_string}\"},\"query-input\":{\"@type\":\"PropertyValueSpecification\",\"valueRequired\":true,\"valueName\":\"search_term_string\"}}],\"inLanguage\":\"fr-FR\"}]}<\/script>\n<!-- \/ Yoast SEO plugin. -->","yoast_head_json":{"title":"FAQ - Ausolen","robots":{"index":"index","follow":"follow","max-snippet":"max-snippet:-1","max-image-preview":"max-image-preview:large","max-video-preview":"max-video-preview:-1"},"canonical":"https:\/\/ausolen.fr\/fr\/faq\/","og_locale":"fr_FR","og_type":"article","og_title":"FAQ - Ausolen","og_description":"[vc_row][vc_column][vc_column_text]Le photovolta\u00efque offre beaucoup plus d&rsquo;avantages que d&rsquo;inconv\u00e9nients. Le soleil et le rayonnement lumineux sont une source enti\u00e8rement gratuite, renouvelable et quasiment in\u00e9puisable. L&rsquo;inconv\u00e9nient majeur est li\u00e9 \u00e0 l&rsquo;\u00e9lectricit\u00e9 elle-m\u00eame. Celle-ci est difficilement stockable. Il est donc plus int\u00e9ressant de r\u00e9injecter \u00e0 l&rsquo;instant t la production sur le r\u00e9seau lorsqu&rsquo;il existe, ou de l&rsquo;utiliser \u00a0\u00bb&hellip;","og_url":"https:\/\/ausolen.fr\/fr\/faq\/","og_site_name":"Ausolen","article_modified_time":"2024-03-26T14:30:46+00:00","twitter_card":"summary_large_image","twitter_misc":{"Dur\u00e9e de lecture estim\u00e9e":"3 minutes"},"schema":{"@context":"https:\/\/schema.org","@graph":[{"@type":"WebPage","@id":"https:\/\/ausolen.fr\/fr\/faq\/","url":"https:\/\/ausolen.fr\/fr\/faq\/","name":"FAQ - Ausolen","isPartOf":{"@id":"https:\/\/ausolen.fr\/fr\/#website"},"datePublished":"2016-01-26T19:55:54+00:00","dateModified":"2024-03-26T14:30:46+00:00","breadcrumb":{"@id":"https:\/\/ausolen.fr\/fr\/faq\/#breadcrumb"},"inLanguage":"fr-FR","potentialAction":[{"@type":"ReadAction","target":["https:\/\/ausolen.fr\/fr\/faq\/"]}]},{"@type":"BreadcrumbList","@id":"https:\/\/ausolen.fr\/fr\/faq\/#breadcrumb","itemListElement":[{"@type":"ListItem","position":1,"name":"Accueil","item":"https:\/\/ausolen.fr\/fr\/"},{"@type":"ListItem","position":2,"name":"FAQ"}]},{"@type":"WebSite","@id":"https:\/\/ausolen.fr\/fr\/#website","url":"https:\/\/ausolen.fr\/fr\/","name":"Ausolen","description":"Installateur de panneaux solaire photovolta\u00efques","potentialAction":[{"@type":"SearchAction","target":{"@type":"EntryPoint","urlTemplate":"https:\/\/ausolen.fr\/fr\/?s={search_term_string}"},"query-input":{"@type":"PropertyValueSpecification","valueRequired":true,"valueName":"search_term_string"}}],"inLanguage":"fr-FR"}]}},"_links":{"self":[{"href":"https:\/\/ausolen.fr\/fr\/wp-json\/wp\/v2\/pages\/15018","targetHints":{"allow":["GET"]}}],"collection":[{"href":"https:\/\/ausolen.fr\/fr\/wp-json\/wp\/v2\/pages"}],"about":[{"href":"https:\/\/ausolen.fr\/fr\/wp-json\/wp\/v2\/types\/page"}],"author":[{"embeddable":true,"href":"https:\/\/ausolen.fr\/fr\/wp-json\/wp\/v2\/users\/1"}],"replies":[{"embeddable":true,"href":"https:\/\/ausolen.fr\/fr\/wp-json\/wp\/v2\/comments?post=15018"}],"version-history":[{"count":5,"href":"https:\/\/ausolen.fr\/fr\/wp-json\/wp\/v2\/pages\/15018\/revisions"}],"predecessor-version":[{"id":15294,"href":"https:\/\/ausolen.fr\/fr\/wp-json\/wp\/v2\/pages\/15018\/revisions\/15294"}],"wp:attachment":[{"href":"https:\/\/ausolen.fr\/fr\/wp-json\/wp\/v2\/media?parent=15018"}],"curies":[{"name":"wp","href":"https:\/\/api.w.org\/{rel}","templated":true}]}}