{"id":15034,"date":"2016-01-26T21:13:27","date_gmt":"2016-01-26T20:13:27","guid":{"rendered":"http:\/\/ausolen.fr\/fr\/?page_id=15034"},"modified":"2021-08-27T14:25:12","modified_gmt":"2021-08-27T13:25:12","slug":"mentions-legales","status":"publish","type":"page","link":"https:\/\/ausolen.fr\/fr\/mentions-legales\/","title":{"rendered":"Mentions l\u00e9gales"},"content":{"rendered":"<h2><strong>Ausolen<\/strong><\/h2>\n<p>SARL au capital de 15 000 euros<br \/>\nR.C.S La Rochelle 518 765 888<br \/>\nCode NAF : 4321A<br \/>\nSIRET : 518 765 888 00012<br \/>\nTVA intracommunautaire : FR91518765888<br \/>\n31 Avenue de la Presqu\u2019\u00eele d&rsquo;Arvert &#8211; 17530 Arvert<br \/>\nT\u00e9l. 05 46 47 28 15<br \/>\n<a href=\"mailto:contact@ausolen.fr\">contact@ausolen.fr<\/a><\/p>\n<p><strong>Comit\u00e9 de conception et de r\u00e9daction<\/strong><br \/>\n&#8211; Directeur de publication : <a href=\"mailto:contact@ausolen.fr\">Antoine CAZAUX-DEBAT<\/a><br \/>\n&#8211; Webmaster charg\u00e9 de l&rsquo;\u00e9dition et de l&rsquo;administration du site : <a href=\"mailto:contact@cassandre.org\">Cassandre Communication<\/a><\/p>\n<p><strong>Conception technique, r\u00e9alisation et h\u00e9bergement<\/strong><br \/>\nCassandre Communication<\/p>\n<p><strong>Droit de modification<\/strong><br \/>\nToute structure cit\u00e9e dans l&rsquo;une des pages du site peut demander la modification des informations la concernant ou la mentionnant.<\/p>\n<p><strong>Droit d&rsquo;utilisation<\/strong><br \/>\nL&rsquo;internaute reconna\u00eet que l&rsquo;utilisation du site Ausolen est r\u00e9gie par le droit fran\u00e7ais.<br \/>\nLe contenu du site est mis \u00e0 disposition pour un usage priv\u00e9 et non exclusif. Ce droit d&rsquo;utilisation comprend le droit de stockage sur \u00e9cran monoposte et le droit de reproduction aux conditions ci-apr\u00e8s d\u00e9finies. Il interdit la r\u00e9cup\u00e9ration des bases de donn\u00e9es.<\/p>\n<p><strong>Copies ou reproductions<\/strong><br \/>\nToute reproduction, int\u00e9grale ou partielle, des textes publi\u00e9s dans le site n&rsquo;est pas soumise \u00e0 une autorisation pr\u00e9alable mais doit toutefois obligatoirement comporter la mention suivante : \u00ab\u00a0Ausolen\u00a0\u00bb.<br \/>\nSont en revanche soumis \u00e0 une autorisation pr\u00e9alable les textes portant la mention Usage r\u00e9serv\u00e9. La demande d&rsquo;autorisation doit \u00eatre adress\u00e9e au Directeur de publication qui assortira son autorisation, partielle ou int\u00e9grale, d&rsquo;une mention sp\u00e9cifique qui devra \u00eatre imp\u00e9rativement indiqu\u00e9e.<br \/>\nLes photographies, images fixes ou anim\u00e9es, ne peuvent \u00eatre reproduites sans autorisation pr\u00e9alable et d\u00e8s lors qu&rsquo;un droit de copie serait accord\u00e9, la mention du copyright indiqu\u00e9e au demandeur par l&rsquo;administrateur du site devrait imp\u00e9rativement figurer sur le support utilis\u00e9 \u00e0 cette fin.<br \/>\nLes logos, visuels et marques pr\u00e9sents sur ce site sont la propri\u00e9t\u00e9 de Ausolen ou de structures partenaires.<\/p>\n<p><strong>Responsabilit\u00e9 de l&rsquo;\u00e9diteur<\/strong><br \/>\nCe site fournit des liens vers des sites ext\u00e9rieurs \u00e0 titre de commodit\u00e9. Il peut aussi, \u00e0 son insu, avoir \u00e9t\u00e9 reli\u00e9 \u00e0 d&rsquo;autres sites par le biais de liens hypermedia. Ausolen, d\u00e9cline toute responsabilit\u00e9 pour les informations pr\u00e9sent\u00e9es sur ces autres sites.<\/p>\n<p><strong>Collecte de donn\u00e9es personnelles par formulaire<\/strong><br \/>\nConform\u00e9ment \u00e0 l\u2019article 32 de la loi \u00ab Informatique et Libert\u00e9s \u00bb n\u00b078-17 du 6 janvier 1978, modifi\u00e9e par la loi n\u00b02004-801 du 6 ao\u00fbt 2004, les informations recueillies via ce formulaire de contact font l\u2019objet d\u2019un traitement informatique destin\u00e9 uniquement \u00e0 ce que le responsable du traitement puisse r\u00e9pondre aux utilisateurs et ne seront jamais utilis\u00e9es \u00e0 des fins non pr\u00e9vues ni transmises \u00e0 des partenaires.<br \/>\nEn outre, les donn\u00e9es collect\u00e9es ne sont pas conserv\u00e9es plus d\u2019un an.<br \/>\n\u00c9galement, aucune information personnelle autre que celles demand\u00e9es dans ce cadre n\u2019est collect\u00e9e \u00e0 l\u2019insu des utilisateurs.<br \/>\nEnfin, conform\u00e9ment aux articles 39 et 40 de la loi sus-cit\u00e9e, l\u2019utilisateur de ce site b\u00e9n\u00e9ficie des droits d\u2019interrogation, d\u2019acc\u00e8s, de rectification et de suppression portant sur les donn\u00e9es le concernant en adressant un courrier \u00e0 : Ausolen &#8211; 31 Avenue de la Presqu\u2019\u00eele d&rsquo;Arvert &#8211; 17530 Arvert<\/p>\n<p><strong>Utilisation des cookies<\/strong><br \/>\nEn utilisant les services de <a href=\"https:\/\/ausolen.fr\/fr\/\">ausolen.fr<\/a>, vous acceptez de recevoir des cookies.<br \/>\nUn cookie est une suite d&rsquo;informations envoy\u00e9e par un site Internet \u00e0 un ordinateur sous la forme d\u2019un petit fichier de donn\u00e9es. Les cookies sont utiles pour faciliter la personnalisation de votre acc\u00e8s \u00e0 nos services en ligne. Ils peuvent \u00eatre utilis\u00e9s pour une authentification, une session, stocker une information sp\u00e9cifique comme les pr\u00e9f\u00e9rences sur un site ou le contenu d&rsquo;un panier d&rsquo;achat \u00e9lectronique. Le stockage des cookies se fait par le biais du navigateur Web utilis\u00e9 par l\u2019internaute (par exemple Internet Explorer).<br \/>\nIl existe deux types de cookies :<br \/>\n&#8211; les cookies de session sont supprim\u00e9s de votre ordinateur lorsque vous fermez votre navigateur.<br \/>\n&#8211; les cookies permanents restent stock\u00e9s sur votre ordinateur apr\u00e8s la fermeture du navigateur.<br \/>\nLes cookies sont cependant anonymes et ne sont en aucun cas utilis\u00e9s pour collecter des informations personnelles.<\/p>\n<p><strong>Refus des cookies<\/strong><br \/>\nVous \u00eates libre d&rsquo;accepter ou de refuser les cookies en configurant votre navigateur (d\u00e9sactivation de tout ou partie des cookies &#8211; voir manuel de votre navigateur Web ou fonction d&rsquo;aide).<br \/>\nLa d\u00e9sactivation des cookies peut entra\u00eener l\u2019indisponibilit\u00e9 de certains services auxquels ils sont associ\u00e9s. Elle n&#8217;emp\u00eache pas l&rsquo;acc\u00e8s aux espaces non-r\u00e9serv\u00e9s du site.<br \/>\nPar ailleurs, nous gardons trace des connexions \u00e0 nos sites, et notamment de leur origine. Cette utilisation est faite \u00e0 des fins d&rsquo;analyses statistiques. Les donn\u00e9es correspondantes ne comportent pas de donn\u00e9es personnelles, et sont d\u00e9truites apr\u00e8s usage.<\/p>\n<p><strong>Photos et illustrations<\/strong><br \/>\n\u00a9 Ausolen<br \/>\n\u00a9 Fotolia<\/p>\n","protected":false},"excerpt":{"rendered":"<p>Ausolen SARL au capital de 15 000 euros R.C.S La Rochelle 518 765 888 Code NAF : 4321A SIRET : 518 765 888 00012 TVA intracommunautaire : FR91518765888 31 Avenue de la Presqu\u2019\u00eele d&rsquo;Arvert &#8211; 17530 Arvert T\u00e9l. 05 46 47 28 15 contact@ausolen.fr Comit\u00e9 de conception et de r\u00e9daction &#8211; Directeur de publication :&hellip;<\/p>\n","protected":false},"author":1,"featured_media":0,"parent":0,"menu_order":0,"comment_status":"closed","ping_status":"closed","template":"","meta":{"footnotes":""},"class_list":["post-15034","page","type-page","status-publish","hentry","description-off"],"yoast_head":"<!-- This site is optimized with the Yoast SEO plugin v24.3 - https:\/\/yoast.com\/wordpress\/plugins\/seo\/ -->\n<title>Mentions l\u00e9gales - Ausolen<\/title>\n<meta name=\"robots\" content=\"index, follow, max-snippet:-1, max-image-preview:large, max-video-preview:-1\" \/>\n<link rel=\"canonical\" href=\"https:\/\/ausolen.fr\/fr\/mentions-legales\/\" \/>\n<meta property=\"og:locale\" content=\"fr_FR\" \/>\n<meta property=\"og:type\" content=\"article\" \/>\n<meta property=\"og:title\" content=\"Mentions l\u00e9gales - Ausolen\" \/>\n<meta property=\"og:description\" content=\"Ausolen SARL au capital de 15 000 euros R.C.S La Rochelle 518 765 888 Code NAF : 4321A SIRET : 518 765 888 00012 TVA intracommunautaire : FR91518765888 31 Avenue de la Presqu\u2019\u00eele d&rsquo;Arvert &#8211; 17530 Arvert T\u00e9l. 05 46 47 28 15 contact@ausolen.fr Comit\u00e9 de conception et de r\u00e9daction &#8211; Directeur de publication :&hellip;\" \/>\n<meta property=\"og:url\" content=\"https:\/\/ausolen.fr\/fr\/mentions-legales\/\" \/>\n<meta property=\"og:site_name\" content=\"Ausolen\" \/>\n<meta property=\"article:modified_time\" content=\"2021-08-27T13:25:12+00:00\" \/>\n<meta name=\"twitter:card\" content=\"summary_large_image\" \/>\n<meta name=\"twitter:label1\" content=\"Dur\u00e9e de lecture estim\u00e9e\" \/>\n\t<meta name=\"twitter:data1\" content=\"4 minutes\" \/>\n<script type=\"application\/ld+json\" class=\"yoast-schema-graph\">{\"@context\":\"https:\/\/schema.org\",\"@graph\":[{\"@type\":\"WebPage\",\"@id\":\"https:\/\/ausolen.fr\/fr\/mentions-legales\/\",\"url\":\"https:\/\/ausolen.fr\/fr\/mentions-legales\/\",\"name\":\"Mentions l\u00e9gales - Ausolen\",\"isPartOf\":{\"@id\":\"https:\/\/ausolen.fr\/fr\/#website\"},\"datePublished\":\"2016-01-26T20:13:27+00:00\",\"dateModified\":\"2021-08-27T13:25:12+00:00\",\"breadcrumb\":{\"@id\":\"https:\/\/ausolen.fr\/fr\/mentions-legales\/#breadcrumb\"},\"inLanguage\":\"fr-FR\",\"potentialAction\":[{\"@type\":\"ReadAction\",\"target\":[\"https:\/\/ausolen.fr\/fr\/mentions-legales\/\"]}]},{\"@type\":\"BreadcrumbList\",\"@id\":\"https:\/\/ausolen.fr\/fr\/mentions-legales\/#breadcrumb\",\"itemListElement\":[{\"@type\":\"ListItem\",\"position\":1,\"name\":\"Accueil\",\"item\":\"https:\/\/ausolen.fr\/fr\/\"},{\"@type\":\"ListItem\",\"position\":2,\"name\":\"Mentions l\u00e9gales\"}]},{\"@type\":\"WebSite\",\"@id\":\"https:\/\/ausolen.fr\/fr\/#website\",\"url\":\"https:\/\/ausolen.fr\/fr\/\",\"name\":\"Ausolen\",\"description\":\"Installateur de panneaux solaire photovolta\u00efques\",\"potentialAction\":[{\"@type\":\"SearchAction\",\"target\":{\"@type\":\"EntryPoint\",\"urlTemplate\":\"https:\/\/ausolen.fr\/fr\/?s={search_term_string}\"},\"query-input\":{\"@type\":\"PropertyValueSpecification\",\"valueRequired\":true,\"valueName\":\"search_term_string\"}}],\"inLanguage\":\"fr-FR\"}]}<\/script>\n<!-- \/ Yoast SEO plugin. -->","yoast_head_json":{"title":"Mentions l\u00e9gales - Ausolen","robots":{"index":"index","follow":"follow","max-snippet":"max-snippet:-1","max-image-preview":"max-image-preview:large","max-video-preview":"max-video-preview:-1"},"canonical":"https:\/\/ausolen.fr\/fr\/mentions-legales\/","og_locale":"fr_FR","og_type":"article","og_title":"Mentions l\u00e9gales - Ausolen","og_description":"Ausolen SARL au capital de 15 000 euros R.C.S La Rochelle 518 765 888 Code NAF : 4321A SIRET : 518 765 888 00012 TVA intracommunautaire : FR91518765888 31 Avenue de la Presqu\u2019\u00eele d&rsquo;Arvert &#8211; 17530 Arvert T\u00e9l. 05 46 47 28 15 contact@ausolen.fr Comit\u00e9 de conception et de r\u00e9daction &#8211; Directeur de publication :&hellip;","og_url":"https:\/\/ausolen.fr\/fr\/mentions-legales\/","og_site_name":"Ausolen","article_modified_time":"2021-08-27T13:25:12+00:00","twitter_card":"summary_large_image","twitter_misc":{"Dur\u00e9e de lecture estim\u00e9e":"4 minutes"},"schema":{"@context":"https:\/\/schema.org","@graph":[{"@type":"WebPage","@id":"https:\/\/ausolen.fr\/fr\/mentions-legales\/","url":"https:\/\/ausolen.fr\/fr\/mentions-legales\/","name":"Mentions l\u00e9gales - Ausolen","isPartOf":{"@id":"https:\/\/ausolen.fr\/fr\/#website"},"datePublished":"2016-01-26T20:13:27+00:00","dateModified":"2021-08-27T13:25:12+00:00","breadcrumb":{"@id":"https:\/\/ausolen.fr\/fr\/mentions-legales\/#breadcrumb"},"inLanguage":"fr-FR","potentialAction":[{"@type":"ReadAction","target":["https:\/\/ausolen.fr\/fr\/mentions-legales\/"]}]},{"@type":"BreadcrumbList","@id":"https:\/\/ausolen.fr\/fr\/mentions-legales\/#breadcrumb","itemListElement":[{"@type":"ListItem","position":1,"name":"Accueil","item":"https:\/\/ausolen.fr\/fr\/"},{"@type":"ListItem","position":2,"name":"Mentions l\u00e9gales"}]},{"@type":"WebSite","@id":"https:\/\/ausolen.fr\/fr\/#website","url":"https:\/\/ausolen.fr\/fr\/","name":"Ausolen","description":"Installateur de panneaux solaire photovolta\u00efques","potentialAction":[{"@type":"SearchAction","target":{"@type":"EntryPoint","urlTemplate":"https:\/\/ausolen.fr\/fr\/?s={search_term_string}"},"query-input":{"@type":"PropertyValueSpecification","valueRequired":true,"valueName":"search_term_string"}}],"inLanguage":"fr-FR"}]}},"_links":{"self":[{"href":"https:\/\/ausolen.fr\/fr\/wp-json\/wp\/v2\/pages\/15034","targetHints":{"allow":["GET"]}}],"collection":[{"href":"https:\/\/ausolen.fr\/fr\/wp-json\/wp\/v2\/pages"}],"about":[{"href":"https:\/\/ausolen.fr\/fr\/wp-json\/wp\/v2\/types\/page"}],"author":[{"embeddable":true,"href":"https:\/\/ausolen.fr\/fr\/wp-json\/wp\/v2\/users\/1"}],"replies":[{"embeddable":true,"href":"https:\/\/ausolen.fr\/fr\/wp-json\/wp\/v2\/comments?post=15034"}],"version-history":[{"count":4,"href":"https:\/\/ausolen.fr\/fr\/wp-json\/wp\/v2\/pages\/15034\/revisions"}],"predecessor-version":[{"id":15239,"href":"https:\/\/ausolen.fr\/fr\/wp-json\/wp\/v2\/pages\/15034\/revisions\/15239"}],"wp:attachment":[{"href":"https:\/\/ausolen.fr\/fr\/wp-json\/wp\/v2\/media?parent=15034"}],"curies":[{"name":"wp","href":"https:\/\/api.w.org\/{rel}","templated":true}]}}